{"id":5819,"date":"2018-08-14T18:07:49","date_gmt":"2025-10-07T20:02:26","guid":{"rendered":"https:\/\/kailsakni.dreilinustadi.lv\/?post_type=product&#038;p=5819"},"modified":"2025-10-08T00:39:58","modified_gmt":"2025-10-07T21:39:58","slug":"forsythia-x-intermedia-paljasjuuriline-taim-50-80-cm","status":"publish","type":"product","link":"https:\/\/kailsakni.dreilinustadi.lv\/et\/veikals\/poosaste-istikud\/muud-hekitaimed\/forsythia-x-intermedia-paljasjuuriline-taim-50-80-cm\/","title":{"rendered":"Forsythia x intermedia. Paljasjuuriline taim 50\u201380 cm."},"content":{"rendered":"<p>Forsythia on p\u00f5\u00f5sas, mis kuulutab kevade saabumist. Sageli pole lumi veel k\u00f5ikjal sulanud, kuid forsythia p\u00f5\u00f5sad on juba t\u00e4ies \u00f5ites. Forsythia \u00f5itseb rikkalikult, eristuvate, erkollaste \u00f5itega. \u00d5itsemisaeg on aprillis umbes 3 n\u00e4dalat. See kasvab 2\u20132,5 m k\u00f5rguseks ja on kergesti kujundatav. Seda saab kasutada ilusa heki loomiseks. Esiteks n\u00e4eb hekk aprillis \u00f5itsemise ajal suurep\u00e4rane v\u00e4lja, kui teised hekid on veel paljad ja lehtedeta. Teiseks on fors\u00fc\u00fctiate lehed kogu hooaja v\u00e4ltel ereda rohelise v\u00e4rvusega, vastupidavad haigustele, ei kuiva kuivadel suvedel ega kolletu s\u00fcgisel, vaid j\u00e4\u00e4vad ereda rohelise v\u00e4rvusega kuni langemiseni.<br \/>\nFors\u00fc\u00fctia ei ole valiv, talle meeldivad p\u00e4ikesepaistelised kohad, kuid ta kasvab h\u00e4sti ka poolvarjus. Eelistab kuivaid kohti liiga m\u00e4rgadele. Kasvab halvasti happelises mullas. V\u00e4etage kompleksse mineraalv\u00e4etisega kevadel enne ja p\u00e4rast \u00f5itsemist.<\/p>\n","protected":false},"excerpt":{"rendered":"<p>V\u00e4ga dekoratiivne p\u00f5\u00f5sas, \u00f5itseb aprillis, k\u00f5ige varem \u00f5itsev p\u00f5\u00f5sas.<\/p>\n<hr \/>\n<p>Paljasjuursed seemikud on v\u00f5imalik kulleriga tarnida igale aadressile Eestis.<br \/>\nMinimaalne tellimuse kogus 50 t\u00fckki. Tarne hind \u2013 25 \u20ac.<\/p>\n","protected":false},"featured_media":5739,"template":"","meta":{"_et_pb_use_builder":"","_et_pb_old_content":"","_et_gb_content_width":"","jetpack_post_was_ever_published":false,"jetpack_publicize_message":"","jetpack_publicize_feature_enabled":true,"jetpack_social_post_already_shared":true,"jetpack_social_options":{"image_generator_settings":{"template":"highway","default_image_id":0,"font":"","enabled":false},"version":2}},"product_brand":[],"product_cat":[142,134,133,141],"product_tag":[],"class_list":{"0":"post-5819","1":"product","2":"type-product","3":"status-publish","4":"has-post-thumbnail","6":"product_cat-muud-hekitaimed","7":"product_cat-oitsevad-poosad","8":"product_cat-paljasjuursed-seemikud","9":"product_cat-poosaste-istikud","11":"first","12":"outofstock","13":"taxable","14":"shipping-taxable","15":"purchasable","16":"product-type-simple"},"yoast_head":"<!-- This site is optimized with the Yoast SEO plugin v26.7 - https:\/\/yoast.com\/wordpress\/plugins\/seo\/ -->\n<title>Forsythia x intermedia. Paljasjuuriline taim 50\u201380 cm. - Kailsak\u0146u st\u0101di - Dreili\u0146u st\u0101di<\/title>\n<meta name=\"robots\" content=\"index, follow, max-snippet:-1, max-image-preview:large, max-video-preview:-1\" \/>\n<link rel=\"canonical\" href=\"https:\/\/kailsakni.dreilinustadi.lv\/et\/veikals\/poosaste-istikud\/muud-hekitaimed\/forsythia-x-intermedia-paljasjuuriline-taim-50-80-cm\/\" \/>\n<meta property=\"og:locale\" content=\"et_EE\" \/>\n<meta property=\"og:type\" content=\"article\" \/>\n<meta property=\"og:title\" content=\"Forsythia x intermedia. Paljasjuuriline taim 50\u201380 cm. - Kailsak\u0146u st\u0101di - Dreili\u0146u st\u0101di\" \/>\n<meta property=\"og:description\" content=\"V\u00e4ga dekoratiivne p\u00f5\u00f5sas, \u00f5itseb aprillis, k\u00f5ige varem \u00f5itsev p\u00f5\u00f5sas.    Paljasjuursed seemikud on v\u00f5imalik kulleriga tarnida igale aadressile Eestis. Minimaalne tellimuse kogus 50 t\u00fckki. Tarne hind \u2013 25 \u20ac.\" \/>\n<meta property=\"og:url\" content=\"https:\/\/kailsakni.dreilinustadi.lv\/et\/veikals\/poosaste-istikud\/muud-hekitaimed\/forsythia-x-intermedia-paljasjuuriline-taim-50-80-cm\/\" \/>\n<meta property=\"og:site_name\" content=\"Kailsak\u0146u st\u0101di - Dreili\u0146u st\u0101di\" \/>\n<meta property=\"article:publisher\" content=\"https:\/\/www.facebook.com\/dreilinustadi\/\" \/>\n<meta property=\"article:modified_time\" content=\"2025-10-07T21:39:58+00:00\" \/>\n<meta property=\"og:image\" content=\"https:\/\/kailsakni.dreilinustadi.lv\/wp-content\/uploads\/2018\/08\/for4.jpg\" \/>\n\t<meta property=\"og:image:width\" content=\"460\" \/>\n\t<meta property=\"og:image:height\" content=\"306\" \/>\n\t<meta property=\"og:image:type\" content=\"image\/jpeg\" \/>\n<meta name=\"twitter:card\" content=\"summary_large_image\" \/>\n<meta name=\"twitter:label1\" content=\"Est. reading time\" \/>\n\t<meta name=\"twitter:data1\" content=\"1 minut\" \/>\n<script type=\"application\/ld+json\" class=\"yoast-schema-graph\">{\"@context\":\"https:\/\/schema.org\",\"@graph\":[{\"@type\":\"WebPage\",\"@id\":\"https:\/\/kailsakni.dreilinustadi.lv\/et\/veikals\/poosaste-istikud\/muud-hekitaimed\/forsythia-x-intermedia-paljasjuuriline-taim-50-80-cm\/\",\"url\":\"https:\/\/kailsakni.dreilinustadi.lv\/et\/veikals\/poosaste-istikud\/muud-hekitaimed\/forsythia-x-intermedia-paljasjuuriline-taim-50-80-cm\/\",\"name\":\"Forsythia x intermedia. Paljasjuuriline taim 50\u201380 cm. - Kailsak\u0146u st\u0101di - Dreili\u0146u st\u0101di\",\"isPartOf\":{\"@id\":\"https:\/\/kailsakni.dreilinustadi.lv\/#website\"},\"primaryImageOfPage\":{\"@id\":\"https:\/\/kailsakni.dreilinustadi.lv\/et\/veikals\/poosaste-istikud\/muud-hekitaimed\/forsythia-x-intermedia-paljasjuuriline-taim-50-80-cm\/#primaryimage\"},\"image\":{\"@id\":\"https:\/\/kailsakni.dreilinustadi.lv\/et\/veikals\/poosaste-istikud\/muud-hekitaimed\/forsythia-x-intermedia-paljasjuuriline-taim-50-80-cm\/#primaryimage\"},\"thumbnailUrl\":\"https:\/\/i0.wp.com\/kailsakni.dreilinustadi.lv\/wp-content\/uploads\/2018\/08\/for4.jpg?fit=460%2C306&ssl=1\",\"datePublished\":\"2025-10-07T20:02:26+00:00\",\"dateModified\":\"2025-10-07T21:39:58+00:00\",\"breadcrumb\":{\"@id\":\"https:\/\/kailsakni.dreilinustadi.lv\/et\/veikals\/poosaste-istikud\/muud-hekitaimed\/forsythia-x-intermedia-paljasjuuriline-taim-50-80-cm\/#breadcrumb\"},\"inLanguage\":\"et\",\"potentialAction\":[{\"@type\":\"ReadAction\",\"target\":[\"https:\/\/kailsakni.dreilinustadi.lv\/et\/veikals\/poosaste-istikud\/muud-hekitaimed\/forsythia-x-intermedia-paljasjuuriline-taim-50-80-cm\/\"]}]},{\"@type\":\"ImageObject\",\"inLanguage\":\"et\",\"@id\":\"https:\/\/kailsakni.dreilinustadi.lv\/et\/veikals\/poosaste-istikud\/muud-hekitaimed\/forsythia-x-intermedia-paljasjuuriline-taim-50-80-cm\/#primaryimage\",\"url\":\"https:\/\/i0.wp.com\/kailsakni.dreilinustadi.lv\/wp-content\/uploads\/2018\/08\/for4.jpg?fit=460%2C306&ssl=1\",\"contentUrl\":\"https:\/\/i0.wp.com\/kailsakni.dreilinustadi.lv\/wp-content\/uploads\/2018\/08\/for4.jpg?fit=460%2C306&ssl=1\",\"width\":460,\"height\":306},{\"@type\":\"BreadcrumbList\",\"@id\":\"https:\/\/kailsakni.dreilinustadi.lv\/et\/veikals\/poosaste-istikud\/muud-hekitaimed\/forsythia-x-intermedia-paljasjuuriline-taim-50-80-cm\/#breadcrumb\",\"itemListElement\":[{\"@type\":\"ListItem\",\"position\":1,\"name\":\"Home\",\"item\":\"https:\/\/kailsakni.dreilinustadi.lv\/et\/\"},{\"@type\":\"ListItem\",\"position\":2,\"name\":\"Pood\",\"item\":\"https:\/\/kailsakni.dreilinustadi.lv\/et\/pood\/\"},{\"@type\":\"ListItem\",\"position\":3,\"name\":\"Forsythia x intermedia. Paljasjuuriline taim 50\u201380 cm.\"}]},{\"@type\":\"WebSite\",\"@id\":\"https:\/\/kailsakni.dreilinustadi.lv\/#website\",\"url\":\"https:\/\/kailsakni.dreilinustadi.lv\/\",\"name\":\"Kailsak\u0146u st\u0101di - Dreili\u0146u st\u0101di\",\"description\":\"Izv\u0113lies savus kailsak\u0146u st\u0101dus\",\"potentialAction\":[{\"@type\":\"SearchAction\",\"target\":{\"@type\":\"EntryPoint\",\"urlTemplate\":\"https:\/\/kailsakni.dreilinustadi.lv\/?s={search_term_string}\"},\"query-input\":{\"@type\":\"PropertyValueSpecification\",\"valueRequired\":true,\"valueName\":\"search_term_string\"}}],\"inLanguage\":\"et\"}]}<\/script>\n<!-- \/ Yoast SEO plugin. -->","yoast_head_json":{"title":"Forsythia x intermedia. Paljasjuuriline taim 50\u201380 cm. - Kailsak\u0146u st\u0101di - Dreili\u0146u st\u0101di","robots":{"index":"index","follow":"follow","max-snippet":"max-snippet:-1","max-image-preview":"max-image-preview:large","max-video-preview":"max-video-preview:-1"},"canonical":"https:\/\/kailsakni.dreilinustadi.lv\/et\/veikals\/poosaste-istikud\/muud-hekitaimed\/forsythia-x-intermedia-paljasjuuriline-taim-50-80-cm\/","og_locale":"et_EE","og_type":"article","og_title":"Forsythia x intermedia. Paljasjuuriline taim 50\u201380 cm. - Kailsak\u0146u st\u0101di - Dreili\u0146u st\u0101di","og_description":"V\u00e4ga dekoratiivne p\u00f5\u00f5sas, \u00f5itseb aprillis, k\u00f5ige varem \u00f5itsev p\u00f5\u00f5sas.    Paljasjuursed seemikud on v\u00f5imalik kulleriga tarnida igale aadressile Eestis. Minimaalne tellimuse kogus 50 t\u00fckki. Tarne hind \u2013 25 \u20ac.","og_url":"https:\/\/kailsakni.dreilinustadi.lv\/et\/veikals\/poosaste-istikud\/muud-hekitaimed\/forsythia-x-intermedia-paljasjuuriline-taim-50-80-cm\/","og_site_name":"Kailsak\u0146u st\u0101di - Dreili\u0146u st\u0101di","article_publisher":"https:\/\/www.facebook.com\/dreilinustadi\/","article_modified_time":"2025-10-07T21:39:58+00:00","og_image":[{"width":460,"height":306,"url":"https:\/\/kailsakni.dreilinustadi.lv\/wp-content\/uploads\/2018\/08\/for4.jpg","type":"image\/jpeg"}],"twitter_card":"summary_large_image","twitter_misc":{"Est. reading time":"1 minut"},"schema":{"@context":"https:\/\/schema.org","@graph":[{"@type":"WebPage","@id":"https:\/\/kailsakni.dreilinustadi.lv\/et\/veikals\/poosaste-istikud\/muud-hekitaimed\/forsythia-x-intermedia-paljasjuuriline-taim-50-80-cm\/","url":"https:\/\/kailsakni.dreilinustadi.lv\/et\/veikals\/poosaste-istikud\/muud-hekitaimed\/forsythia-x-intermedia-paljasjuuriline-taim-50-80-cm\/","name":"Forsythia x intermedia. Paljasjuuriline taim 50\u201380 cm. - Kailsak\u0146u st\u0101di - Dreili\u0146u st\u0101di","isPartOf":{"@id":"https:\/\/kailsakni.dreilinustadi.lv\/#website"},"primaryImageOfPage":{"@id":"https:\/\/kailsakni.dreilinustadi.lv\/et\/veikals\/poosaste-istikud\/muud-hekitaimed\/forsythia-x-intermedia-paljasjuuriline-taim-50-80-cm\/#primaryimage"},"image":{"@id":"https:\/\/kailsakni.dreilinustadi.lv\/et\/veikals\/poosaste-istikud\/muud-hekitaimed\/forsythia-x-intermedia-paljasjuuriline-taim-50-80-cm\/#primaryimage"},"thumbnailUrl":"https:\/\/i0.wp.com\/kailsakni.dreilinustadi.lv\/wp-content\/uploads\/2018\/08\/for4.jpg?fit=460%2C306&ssl=1","datePublished":"2025-10-07T20:02:26+00:00","dateModified":"2025-10-07T21:39:58+00:00","breadcrumb":{"@id":"https:\/\/kailsakni.dreilinustadi.lv\/et\/veikals\/poosaste-istikud\/muud-hekitaimed\/forsythia-x-intermedia-paljasjuuriline-taim-50-80-cm\/#breadcrumb"},"inLanguage":"et","potentialAction":[{"@type":"ReadAction","target":["https:\/\/kailsakni.dreilinustadi.lv\/et\/veikals\/poosaste-istikud\/muud-hekitaimed\/forsythia-x-intermedia-paljasjuuriline-taim-50-80-cm\/"]}]},{"@type":"ImageObject","inLanguage":"et","@id":"https:\/\/kailsakni.dreilinustadi.lv\/et\/veikals\/poosaste-istikud\/muud-hekitaimed\/forsythia-x-intermedia-paljasjuuriline-taim-50-80-cm\/#primaryimage","url":"https:\/\/i0.wp.com\/kailsakni.dreilinustadi.lv\/wp-content\/uploads\/2018\/08\/for4.jpg?fit=460%2C306&ssl=1","contentUrl":"https:\/\/i0.wp.com\/kailsakni.dreilinustadi.lv\/wp-content\/uploads\/2018\/08\/for4.jpg?fit=460%2C306&ssl=1","width":460,"height":306},{"@type":"BreadcrumbList","@id":"https:\/\/kailsakni.dreilinustadi.lv\/et\/veikals\/poosaste-istikud\/muud-hekitaimed\/forsythia-x-intermedia-paljasjuuriline-taim-50-80-cm\/#breadcrumb","itemListElement":[{"@type":"ListItem","position":1,"name":"Home","item":"https:\/\/kailsakni.dreilinustadi.lv\/et\/"},{"@type":"ListItem","position":2,"name":"Pood","item":"https:\/\/kailsakni.dreilinustadi.lv\/et\/pood\/"},{"@type":"ListItem","position":3,"name":"Forsythia x intermedia. Paljasjuuriline taim 50\u201380 cm."}]},{"@type":"WebSite","@id":"https:\/\/kailsakni.dreilinustadi.lv\/#website","url":"https:\/\/kailsakni.dreilinustadi.lv\/","name":"Kailsak\u0146u st\u0101di - Dreili\u0146u st\u0101di","description":"Izv\u0113lies savus kailsak\u0146u st\u0101dus","potentialAction":[{"@type":"SearchAction","target":{"@type":"EntryPoint","urlTemplate":"https:\/\/kailsakni.dreilinustadi.lv\/?s={search_term_string}"},"query-input":{"@type":"PropertyValueSpecification","valueRequired":true,"valueName":"search_term_string"}}],"inLanguage":"et"}]}},"jetpack_publicize_connections":[],"jetpack_sharing_enabled":true,"_links":{"self":[{"href":"https:\/\/kailsakni.dreilinustadi.lv\/et\/wp-json\/wp\/v2\/product\/5819","targetHints":{"allow":["GET"]}}],"collection":[{"href":"https:\/\/kailsakni.dreilinustadi.lv\/et\/wp-json\/wp\/v2\/product"}],"about":[{"href":"https:\/\/kailsakni.dreilinustadi.lv\/et\/wp-json\/wp\/v2\/types\/product"}],"wp:featuredmedia":[{"embeddable":true,"href":"https:\/\/kailsakni.dreilinustadi.lv\/et\/wp-json\/wp\/v2\/media\/5739"}],"wp:attachment":[{"href":"https:\/\/kailsakni.dreilinustadi.lv\/et\/wp-json\/wp\/v2\/media?parent=5819"}],"wp:term":[{"taxonomy":"product_brand","embeddable":true,"href":"https:\/\/kailsakni.dreilinustadi.lv\/et\/wp-json\/wp\/v2\/product_brand?post=5819"},{"taxonomy":"product_cat","embeddable":true,"href":"https:\/\/kailsakni.dreilinustadi.lv\/et\/wp-json\/wp\/v2\/product_cat?post=5819"},{"taxonomy":"product_tag","embeddable":true,"href":"https:\/\/kailsakni.dreilinustadi.lv\/et\/wp-json\/wp\/v2\/product_tag?post=5819"}],"curies":[{"name":"wp","href":"https:\/\/api.w.org\/{rel}","templated":true}]}}