{"id":5812,"date":"2023-07-19T13:27:25","date_gmt":"2025-10-07T19:51:25","guid":{"rendered":"https:\/\/kailsakni.dreilinustadi.lv\/?post_type=product&#038;p=5812"},"modified":"2025-10-08T00:34:38","modified_gmt":"2025-10-07T21:34:38","slug":"igihaljas-liguster-atrovirens-ligustrum-vulgare-taime-korgus-40-70-cm","status":"publish","type":"product","link":"https:\/\/kailsakni.dreilinustadi.lv\/et\/veikals\/paljasjuursed-seemikud\/oitsevad-poosad\/igihaljas-liguster-atrovirens-ligustrum-vulgare-taime-korgus-40-70-cm\/","title":{"rendered":"Igihaljas liguster \u201eAtrovirens\u201c, Ligustrum vulgare. Taime k\u00f5rgus 40\u201370 cm"},"content":{"rendered":"<p>Igihaljas liguster \u201eAtrovirens\u201c sobib aednikele, kes ei soovi oma hekki tuja puudest luua. See moodustab v\u00e4ga lopsaka ja tiheda lehestiku, on kergesti kujundatav, kiiresti kasvav, aastane kasv on umbes 30\u201340 cm. Oksad on \u00fclespoole suunatud ja kasvavad 2,5\u20133 m k\u00f5rguseks. Lehed on suvel helerohelised, kergelt l\u00e4ikivad, talvel muutuvad veidi tuhmimaks. Kasvab k\u00f5ige paremini p\u00e4ikesepaistelistes kohtades, kuid v\u00f5ib kasvada ka varjus. Talub h\u00e4sti p\u00f5uda ja on vastupidav ka liigsele niiskusele. Ei ole mullale valiv.<\/p>\n","protected":false},"excerpt":{"rendered":"<p>Roheline isegi talvel, hekkideks.<\/p>\n<hr \/>\n<p>Paljasjuursed seemikud on v\u00f5imalik kulleriga tarnida igale aadressile Eestis.<br \/>\nMinimaalne tellimuse kogus 50 t\u00fckki. Tarne hind \u2013 25 \u20ac.<\/p>\n","protected":false},"featured_media":5702,"template":"","meta":{"_et_pb_use_builder":"","_et_pb_old_content":"","_et_gb_content_width":"","jetpack_post_was_ever_published":false,"jetpack_publicize_message":"","jetpack_publicize_feature_enabled":true,"jetpack_social_post_already_shared":true,"jetpack_social_options":{"image_generator_settings":{"template":"highway","default_image_id":0,"font":"","enabled":false},"version":2}},"product_brand":[],"product_cat":[134,133,141],"product_tag":[],"class_list":{"0":"post-5812","1":"product","2":"type-product","3":"status-publish","4":"has-post-thumbnail","6":"product_cat-oitsevad-poosad","7":"product_cat-paljasjuursed-seemikud","8":"product_cat-poosaste-istikud","10":"first","11":"outofstock","12":"taxable","13":"shipping-taxable","14":"purchasable","15":"product-type-simple"},"yoast_head":"<!-- This site is optimized with the Yoast SEO plugin v26.7 - https:\/\/yoast.com\/wordpress\/plugins\/seo\/ -->\n<title>Igihaljas liguster \u201eAtrovirens\u201c, Ligustrum vulgare. Taime k\u00f5rgus 40\u201370 cm - Kailsak\u0146u st\u0101di - Dreili\u0146u st\u0101di<\/title>\n<meta name=\"robots\" content=\"index, follow, max-snippet:-1, max-image-preview:large, max-video-preview:-1\" \/>\n<link rel=\"canonical\" href=\"https:\/\/kailsakni.dreilinustadi.lv\/et\/veikals\/paljasjuursed-seemikud\/oitsevad-poosad\/igihaljas-liguster-atrovirens-ligustrum-vulgare-taime-korgus-40-70-cm\/\" \/>\n<meta property=\"og:locale\" content=\"et_EE\" \/>\n<meta property=\"og:type\" content=\"article\" \/>\n<meta property=\"og:title\" content=\"Igihaljas liguster \u201eAtrovirens\u201c, Ligustrum vulgare. Taime k\u00f5rgus 40\u201370 cm - Kailsak\u0146u st\u0101di - Dreili\u0146u st\u0101di\" \/>\n<meta property=\"og:description\" content=\"Roheline isegi talvel, hekkideks.    Paljasjuursed seemikud on v\u00f5imalik kulleriga tarnida igale aadressile Eestis. Minimaalne tellimuse kogus 50 t\u00fckki. Tarne hind \u2013 25 \u20ac.\" \/>\n<meta property=\"og:url\" content=\"https:\/\/kailsakni.dreilinustadi.lv\/et\/veikals\/paljasjuursed-seemikud\/oitsevad-poosad\/igihaljas-liguster-atrovirens-ligustrum-vulgare-taime-korgus-40-70-cm\/\" \/>\n<meta property=\"og:site_name\" content=\"Kailsak\u0146u st\u0101di - Dreili\u0146u st\u0101di\" \/>\n<meta property=\"article:publisher\" content=\"https:\/\/www.facebook.com\/dreilinustadi\/\" \/>\n<meta property=\"article:modified_time\" content=\"2025-10-07T21:34:38+00:00\" \/>\n<meta property=\"og:image\" content=\"https:\/\/kailsakni.dreilinustadi.lv\/wp-content\/uploads\/2018\/10\/WhatsApp-Image-2020-01-22-at-16.38.33.jpeg\" \/>\n\t<meta property=\"og:image:width\" content=\"960\" \/>\n\t<meta property=\"og:image:height\" content=\"658\" \/>\n\t<meta property=\"og:image:type\" content=\"image\/jpeg\" \/>\n<meta name=\"twitter:card\" content=\"summary_large_image\" \/>\n<meta name=\"twitter:label1\" content=\"Est. reading time\" \/>\n\t<meta name=\"twitter:data1\" content=\"1 minut\" \/>\n<script type=\"application\/ld+json\" class=\"yoast-schema-graph\">{\"@context\":\"https:\/\/schema.org\",\"@graph\":[{\"@type\":\"WebPage\",\"@id\":\"https:\/\/kailsakni.dreilinustadi.lv\/et\/veikals\/paljasjuursed-seemikud\/oitsevad-poosad\/igihaljas-liguster-atrovirens-ligustrum-vulgare-taime-korgus-40-70-cm\/\",\"url\":\"https:\/\/kailsakni.dreilinustadi.lv\/et\/veikals\/paljasjuursed-seemikud\/oitsevad-poosad\/igihaljas-liguster-atrovirens-ligustrum-vulgare-taime-korgus-40-70-cm\/\",\"name\":\"Igihaljas liguster \u201eAtrovirens\u201c, Ligustrum vulgare. Taime k\u00f5rgus 40\u201370 cm - Kailsak\u0146u st\u0101di - Dreili\u0146u st\u0101di\",\"isPartOf\":{\"@id\":\"https:\/\/kailsakni.dreilinustadi.lv\/#website\"},\"primaryImageOfPage\":{\"@id\":\"https:\/\/kailsakni.dreilinustadi.lv\/et\/veikals\/paljasjuursed-seemikud\/oitsevad-poosad\/igihaljas-liguster-atrovirens-ligustrum-vulgare-taime-korgus-40-70-cm\/#primaryimage\"},\"image\":{\"@id\":\"https:\/\/kailsakni.dreilinustadi.lv\/et\/veikals\/paljasjuursed-seemikud\/oitsevad-poosad\/igihaljas-liguster-atrovirens-ligustrum-vulgare-taime-korgus-40-70-cm\/#primaryimage\"},\"thumbnailUrl\":\"https:\/\/i0.wp.com\/kailsakni.dreilinustadi.lv\/wp-content\/uploads\/2018\/10\/WhatsApp-Image-2020-01-22-at-16.38.33.jpeg?fit=960%2C658&ssl=1\",\"datePublished\":\"2025-10-07T19:51:25+00:00\",\"dateModified\":\"2025-10-07T21:34:38+00:00\",\"breadcrumb\":{\"@id\":\"https:\/\/kailsakni.dreilinustadi.lv\/et\/veikals\/paljasjuursed-seemikud\/oitsevad-poosad\/igihaljas-liguster-atrovirens-ligustrum-vulgare-taime-korgus-40-70-cm\/#breadcrumb\"},\"inLanguage\":\"et\",\"potentialAction\":[{\"@type\":\"ReadAction\",\"target\":[\"https:\/\/kailsakni.dreilinustadi.lv\/et\/veikals\/paljasjuursed-seemikud\/oitsevad-poosad\/igihaljas-liguster-atrovirens-ligustrum-vulgare-taime-korgus-40-70-cm\/\"]}]},{\"@type\":\"ImageObject\",\"inLanguage\":\"et\",\"@id\":\"https:\/\/kailsakni.dreilinustadi.lv\/et\/veikals\/paljasjuursed-seemikud\/oitsevad-poosad\/igihaljas-liguster-atrovirens-ligustrum-vulgare-taime-korgus-40-70-cm\/#primaryimage\",\"url\":\"https:\/\/i0.wp.com\/kailsakni.dreilinustadi.lv\/wp-content\/uploads\/2018\/10\/WhatsApp-Image-2020-01-22-at-16.38.33.jpeg?fit=960%2C658&ssl=1\",\"contentUrl\":\"https:\/\/i0.wp.com\/kailsakni.dreilinustadi.lv\/wp-content\/uploads\/2018\/10\/WhatsApp-Image-2020-01-22-at-16.38.33.jpeg?fit=960%2C658&ssl=1\",\"width\":960,\"height\":658},{\"@type\":\"BreadcrumbList\",\"@id\":\"https:\/\/kailsakni.dreilinustadi.lv\/et\/veikals\/paljasjuursed-seemikud\/oitsevad-poosad\/igihaljas-liguster-atrovirens-ligustrum-vulgare-taime-korgus-40-70-cm\/#breadcrumb\",\"itemListElement\":[{\"@type\":\"ListItem\",\"position\":1,\"name\":\"Home\",\"item\":\"https:\/\/kailsakni.dreilinustadi.lv\/et\/\"},{\"@type\":\"ListItem\",\"position\":2,\"name\":\"Pood\",\"item\":\"https:\/\/kailsakni.dreilinustadi.lv\/et\/pood\/\"},{\"@type\":\"ListItem\",\"position\":3,\"name\":\"Igihaljas liguster \u201eAtrovirens\u201c, Ligustrum vulgare. Taime k\u00f5rgus 40\u201370 cm\"}]},{\"@type\":\"WebSite\",\"@id\":\"https:\/\/kailsakni.dreilinustadi.lv\/#website\",\"url\":\"https:\/\/kailsakni.dreilinustadi.lv\/\",\"name\":\"Kailsak\u0146u st\u0101di - Dreili\u0146u st\u0101di\",\"description\":\"Izv\u0113lies savus kailsak\u0146u st\u0101dus\",\"potentialAction\":[{\"@type\":\"SearchAction\",\"target\":{\"@type\":\"EntryPoint\",\"urlTemplate\":\"https:\/\/kailsakni.dreilinustadi.lv\/?s={search_term_string}\"},\"query-input\":{\"@type\":\"PropertyValueSpecification\",\"valueRequired\":true,\"valueName\":\"search_term_string\"}}],\"inLanguage\":\"et\"}]}<\/script>\n<!-- \/ Yoast SEO plugin. -->","yoast_head_json":{"title":"Igihaljas liguster \u201eAtrovirens\u201c, Ligustrum vulgare. Taime k\u00f5rgus 40\u201370 cm - Kailsak\u0146u st\u0101di - Dreili\u0146u st\u0101di","robots":{"index":"index","follow":"follow","max-snippet":"max-snippet:-1","max-image-preview":"max-image-preview:large","max-video-preview":"max-video-preview:-1"},"canonical":"https:\/\/kailsakni.dreilinustadi.lv\/et\/veikals\/paljasjuursed-seemikud\/oitsevad-poosad\/igihaljas-liguster-atrovirens-ligustrum-vulgare-taime-korgus-40-70-cm\/","og_locale":"et_EE","og_type":"article","og_title":"Igihaljas liguster \u201eAtrovirens\u201c, Ligustrum vulgare. Taime k\u00f5rgus 40\u201370 cm - Kailsak\u0146u st\u0101di - Dreili\u0146u st\u0101di","og_description":"Roheline isegi talvel, hekkideks.    Paljasjuursed seemikud on v\u00f5imalik kulleriga tarnida igale aadressile Eestis. Minimaalne tellimuse kogus 50 t\u00fckki. Tarne hind \u2013 25 \u20ac.","og_url":"https:\/\/kailsakni.dreilinustadi.lv\/et\/veikals\/paljasjuursed-seemikud\/oitsevad-poosad\/igihaljas-liguster-atrovirens-ligustrum-vulgare-taime-korgus-40-70-cm\/","og_site_name":"Kailsak\u0146u st\u0101di - Dreili\u0146u st\u0101di","article_publisher":"https:\/\/www.facebook.com\/dreilinustadi\/","article_modified_time":"2025-10-07T21:34:38+00:00","og_image":[{"width":960,"height":658,"url":"https:\/\/kailsakni.dreilinustadi.lv\/wp-content\/uploads\/2018\/10\/WhatsApp-Image-2020-01-22-at-16.38.33.jpeg","type":"image\/jpeg"}],"twitter_card":"summary_large_image","twitter_misc":{"Est. reading time":"1 minut"},"schema":{"@context":"https:\/\/schema.org","@graph":[{"@type":"WebPage","@id":"https:\/\/kailsakni.dreilinustadi.lv\/et\/veikals\/paljasjuursed-seemikud\/oitsevad-poosad\/igihaljas-liguster-atrovirens-ligustrum-vulgare-taime-korgus-40-70-cm\/","url":"https:\/\/kailsakni.dreilinustadi.lv\/et\/veikals\/paljasjuursed-seemikud\/oitsevad-poosad\/igihaljas-liguster-atrovirens-ligustrum-vulgare-taime-korgus-40-70-cm\/","name":"Igihaljas liguster \u201eAtrovirens\u201c, Ligustrum vulgare. Taime k\u00f5rgus 40\u201370 cm - Kailsak\u0146u st\u0101di - Dreili\u0146u st\u0101di","isPartOf":{"@id":"https:\/\/kailsakni.dreilinustadi.lv\/#website"},"primaryImageOfPage":{"@id":"https:\/\/kailsakni.dreilinustadi.lv\/et\/veikals\/paljasjuursed-seemikud\/oitsevad-poosad\/igihaljas-liguster-atrovirens-ligustrum-vulgare-taime-korgus-40-70-cm\/#primaryimage"},"image":{"@id":"https:\/\/kailsakni.dreilinustadi.lv\/et\/veikals\/paljasjuursed-seemikud\/oitsevad-poosad\/igihaljas-liguster-atrovirens-ligustrum-vulgare-taime-korgus-40-70-cm\/#primaryimage"},"thumbnailUrl":"https:\/\/i0.wp.com\/kailsakni.dreilinustadi.lv\/wp-content\/uploads\/2018\/10\/WhatsApp-Image-2020-01-22-at-16.38.33.jpeg?fit=960%2C658&ssl=1","datePublished":"2025-10-07T19:51:25+00:00","dateModified":"2025-10-07T21:34:38+00:00","breadcrumb":{"@id":"https:\/\/kailsakni.dreilinustadi.lv\/et\/veikals\/paljasjuursed-seemikud\/oitsevad-poosad\/igihaljas-liguster-atrovirens-ligustrum-vulgare-taime-korgus-40-70-cm\/#breadcrumb"},"inLanguage":"et","potentialAction":[{"@type":"ReadAction","target":["https:\/\/kailsakni.dreilinustadi.lv\/et\/veikals\/paljasjuursed-seemikud\/oitsevad-poosad\/igihaljas-liguster-atrovirens-ligustrum-vulgare-taime-korgus-40-70-cm\/"]}]},{"@type":"ImageObject","inLanguage":"et","@id":"https:\/\/kailsakni.dreilinustadi.lv\/et\/veikals\/paljasjuursed-seemikud\/oitsevad-poosad\/igihaljas-liguster-atrovirens-ligustrum-vulgare-taime-korgus-40-70-cm\/#primaryimage","url":"https:\/\/i0.wp.com\/kailsakni.dreilinustadi.lv\/wp-content\/uploads\/2018\/10\/WhatsApp-Image-2020-01-22-at-16.38.33.jpeg?fit=960%2C658&ssl=1","contentUrl":"https:\/\/i0.wp.com\/kailsakni.dreilinustadi.lv\/wp-content\/uploads\/2018\/10\/WhatsApp-Image-2020-01-22-at-16.38.33.jpeg?fit=960%2C658&ssl=1","width":960,"height":658},{"@type":"BreadcrumbList","@id":"https:\/\/kailsakni.dreilinustadi.lv\/et\/veikals\/paljasjuursed-seemikud\/oitsevad-poosad\/igihaljas-liguster-atrovirens-ligustrum-vulgare-taime-korgus-40-70-cm\/#breadcrumb","itemListElement":[{"@type":"ListItem","position":1,"name":"Home","item":"https:\/\/kailsakni.dreilinustadi.lv\/et\/"},{"@type":"ListItem","position":2,"name":"Pood","item":"https:\/\/kailsakni.dreilinustadi.lv\/et\/pood\/"},{"@type":"ListItem","position":3,"name":"Igihaljas liguster \u201eAtrovirens\u201c, Ligustrum vulgare. Taime k\u00f5rgus 40\u201370 cm"}]},{"@type":"WebSite","@id":"https:\/\/kailsakni.dreilinustadi.lv\/#website","url":"https:\/\/kailsakni.dreilinustadi.lv\/","name":"Kailsak\u0146u st\u0101di - Dreili\u0146u st\u0101di","description":"Izv\u0113lies savus kailsak\u0146u st\u0101dus","potentialAction":[{"@type":"SearchAction","target":{"@type":"EntryPoint","urlTemplate":"https:\/\/kailsakni.dreilinustadi.lv\/?s={search_term_string}"},"query-input":{"@type":"PropertyValueSpecification","valueRequired":true,"valueName":"search_term_string"}}],"inLanguage":"et"}]}},"jetpack_publicize_connections":[],"jetpack_sharing_enabled":true,"_links":{"self":[{"href":"https:\/\/kailsakni.dreilinustadi.lv\/et\/wp-json\/wp\/v2\/product\/5812","targetHints":{"allow":["GET"]}}],"collection":[{"href":"https:\/\/kailsakni.dreilinustadi.lv\/et\/wp-json\/wp\/v2\/product"}],"about":[{"href":"https:\/\/kailsakni.dreilinustadi.lv\/et\/wp-json\/wp\/v2\/types\/product"}],"wp:featuredmedia":[{"embeddable":true,"href":"https:\/\/kailsakni.dreilinustadi.lv\/et\/wp-json\/wp\/v2\/media\/5702"}],"wp:attachment":[{"href":"https:\/\/kailsakni.dreilinustadi.lv\/et\/wp-json\/wp\/v2\/media?parent=5812"}],"wp:term":[{"taxonomy":"product_brand","embeddable":true,"href":"https:\/\/kailsakni.dreilinustadi.lv\/et\/wp-json\/wp\/v2\/product_brand?post=5812"},{"taxonomy":"product_cat","embeddable":true,"href":"https:\/\/kailsakni.dreilinustadi.lv\/et\/wp-json\/wp\/v2\/product_cat?post=5812"},{"taxonomy":"product_tag","embeddable":true,"href":"https:\/\/kailsakni.dreilinustadi.lv\/et\/wp-json\/wp\/v2\/product_tag?post=5812"}],"curies":[{"name":"wp","href":"https:\/\/api.w.org\/{rel}","templated":true}]}}