{"id":5809,"date":"2025-01-10T16:09:18","date_gmt":"2025-10-07T19:48:10","guid":{"rendered":"https:\/\/kailsakni.dreilinustadi.lv\/?post_type=product&#038;p=5809"},"modified":"2025-10-08T22:07:53","modified_gmt":"2025-10-08T19:07:53","slug":"harilik-parn-tilia-cordata-paljasjuuriline-seemik-80-120-cm","status":"publish","type":"product","link":"https:\/\/kailsakni.dreilinustadi.lv\/et\/veikals\/kategooriata\/harilik-parn-tilia-cordata-paljasjuuriline-seemik-80-120-cm\/","title":{"rendered":"Harilik p\u00e4rn (Tilia cordata) \u2013 paljasjuuriline seemik, 80\u2013120 cm."},"content":{"rendered":"<p>Tilia Cordata<\/p>\n<p><strong>K\u00f5rgus<\/strong> \u2013 25 m<\/p>\n<p><strong>Laius<\/strong> \u2013 10 m<\/p>\n<p>Harilik p\u00e4rn \u00f5itseb juuli teisel poolel (viimastel aastatel varem).<\/p>\n","protected":false},"excerpt":{"rendered":"<p>Paljasjuursed seemikud saab kulleriga tarnida mis tahes aadressile Eestis.<br \/>\nTarnehind \u2013 25 \u20ac.<\/p>\n","protected":false},"featured_media":5776,"template":"","meta":{"_et_pb_use_builder":"","_et_pb_old_content":"","_et_gb_content_width":"","jetpack_post_was_ever_published":false,"jetpack_publicize_message":"","jetpack_publicize_feature_enabled":true,"jetpack_social_post_already_shared":true,"jetpack_social_options":{"image_generator_settings":{"template":"highway","default_image_id":0,"font":"","enabled":false},"version":2}},"product_brand":[],"product_cat":[130],"product_tag":[],"class_list":{"0":"post-5809","1":"product","2":"type-product","3":"status-publish","4":"has-post-thumbnail","6":"product_cat-kategooriata","8":"first","9":"outofstock","10":"taxable","11":"shipping-taxable","12":"purchasable","13":"product-type-simple"},"yoast_head":"<!-- This site is optimized with the Yoast SEO plugin v26.7 - https:\/\/yoast.com\/wordpress\/plugins\/seo\/ -->\n<title>Harilik p\u00e4rn (Tilia cordata) \u2013 paljasjuuriline seemik, 80\u2013120 cm. - Kailsak\u0146u st\u0101di - Dreili\u0146u st\u0101di<\/title>\n<meta name=\"robots\" content=\"index, follow, max-snippet:-1, max-image-preview:large, max-video-preview:-1\" \/>\n<link rel=\"canonical\" href=\"https:\/\/kailsakni.dreilinustadi.lv\/et\/veikals\/kategooriata\/harilik-parn-tilia-cordata-paljasjuuriline-seemik-80-120-cm\/\" \/>\n<meta property=\"og:locale\" content=\"et_EE\" \/>\n<meta property=\"og:type\" content=\"article\" \/>\n<meta property=\"og:title\" content=\"Harilik p\u00e4rn (Tilia cordata) \u2013 paljasjuuriline seemik, 80\u2013120 cm. - Kailsak\u0146u st\u0101di - Dreili\u0146u st\u0101di\" \/>\n<meta property=\"og:description\" content=\"Paljasjuursed seemikud saab kulleriga tarnida mis tahes aadressile Eestis. Tarnehind \u2013 25 \u20ac.\" \/>\n<meta property=\"og:url\" content=\"https:\/\/kailsakni.dreilinustadi.lv\/et\/veikals\/kategooriata\/harilik-parn-tilia-cordata-paljasjuuriline-seemik-80-120-cm\/\" \/>\n<meta property=\"og:site_name\" content=\"Kailsak\u0146u st\u0101di - Dreili\u0146u st\u0101di\" \/>\n<meta property=\"article:publisher\" content=\"https:\/\/www.facebook.com\/dreilinustadi\/\" \/>\n<meta property=\"article:modified_time\" content=\"2025-10-08T19:07:53+00:00\" \/>\n<meta property=\"og:image\" content=\"https:\/\/kailsakni.dreilinustadi.lv\/wp-content\/uploads\/2025\/01\/liepa.jpeg\" \/>\n\t<meta property=\"og:image:width\" content=\"216\" \/>\n\t<meta property=\"og:image:height\" content=\"233\" \/>\n\t<meta property=\"og:image:type\" content=\"image\/jpeg\" \/>\n<meta name=\"twitter:card\" content=\"summary_large_image\" \/>\n<meta name=\"twitter:label1\" content=\"Est. reading time\" \/>\n\t<meta name=\"twitter:data1\" content=\"1 minut\" \/>\n<script type=\"application\/ld+json\" class=\"yoast-schema-graph\">{\"@context\":\"https:\/\/schema.org\",\"@graph\":[{\"@type\":\"WebPage\",\"@id\":\"https:\/\/kailsakni.dreilinustadi.lv\/et\/veikals\/kategooriata\/harilik-parn-tilia-cordata-paljasjuuriline-seemik-80-120-cm\/\",\"url\":\"https:\/\/kailsakni.dreilinustadi.lv\/et\/veikals\/kategooriata\/harilik-parn-tilia-cordata-paljasjuuriline-seemik-80-120-cm\/\",\"name\":\"Harilik p\u00e4rn (Tilia cordata) \u2013 paljasjuuriline seemik, 80\u2013120 cm. - Kailsak\u0146u st\u0101di - Dreili\u0146u st\u0101di\",\"isPartOf\":{\"@id\":\"https:\/\/kailsakni.dreilinustadi.lv\/#website\"},\"primaryImageOfPage\":{\"@id\":\"https:\/\/kailsakni.dreilinustadi.lv\/et\/veikals\/kategooriata\/harilik-parn-tilia-cordata-paljasjuuriline-seemik-80-120-cm\/#primaryimage\"},\"image\":{\"@id\":\"https:\/\/kailsakni.dreilinustadi.lv\/et\/veikals\/kategooriata\/harilik-parn-tilia-cordata-paljasjuuriline-seemik-80-120-cm\/#primaryimage\"},\"thumbnailUrl\":\"https:\/\/i0.wp.com\/kailsakni.dreilinustadi.lv\/wp-content\/uploads\/2025\/01\/liepa.jpeg?fit=216%2C233&ssl=1\",\"datePublished\":\"2025-10-07T19:48:10+00:00\",\"dateModified\":\"2025-10-08T19:07:53+00:00\",\"breadcrumb\":{\"@id\":\"https:\/\/kailsakni.dreilinustadi.lv\/et\/veikals\/kategooriata\/harilik-parn-tilia-cordata-paljasjuuriline-seemik-80-120-cm\/#breadcrumb\"},\"inLanguage\":\"et\",\"potentialAction\":[{\"@type\":\"ReadAction\",\"target\":[\"https:\/\/kailsakni.dreilinustadi.lv\/et\/veikals\/kategooriata\/harilik-parn-tilia-cordata-paljasjuuriline-seemik-80-120-cm\/\"]}]},{\"@type\":\"ImageObject\",\"inLanguage\":\"et\",\"@id\":\"https:\/\/kailsakni.dreilinustadi.lv\/et\/veikals\/kategooriata\/harilik-parn-tilia-cordata-paljasjuuriline-seemik-80-120-cm\/#primaryimage\",\"url\":\"https:\/\/i0.wp.com\/kailsakni.dreilinustadi.lv\/wp-content\/uploads\/2025\/01\/liepa.jpeg?fit=216%2C233&ssl=1\",\"contentUrl\":\"https:\/\/i0.wp.com\/kailsakni.dreilinustadi.lv\/wp-content\/uploads\/2025\/01\/liepa.jpeg?fit=216%2C233&ssl=1\",\"width\":216,\"height\":233},{\"@type\":\"BreadcrumbList\",\"@id\":\"https:\/\/kailsakni.dreilinustadi.lv\/et\/veikals\/kategooriata\/harilik-parn-tilia-cordata-paljasjuuriline-seemik-80-120-cm\/#breadcrumb\",\"itemListElement\":[{\"@type\":\"ListItem\",\"position\":1,\"name\":\"Home\",\"item\":\"https:\/\/kailsakni.dreilinustadi.lv\/et\/\"},{\"@type\":\"ListItem\",\"position\":2,\"name\":\"Pood\",\"item\":\"https:\/\/kailsakni.dreilinustadi.lv\/et\/pood\/\"},{\"@type\":\"ListItem\",\"position\":3,\"name\":\"Harilik p\u00e4rn (Tilia cordata) \u2013 paljasjuuriline seemik, 80\u2013120 cm.\"}]},{\"@type\":\"WebSite\",\"@id\":\"https:\/\/kailsakni.dreilinustadi.lv\/#website\",\"url\":\"https:\/\/kailsakni.dreilinustadi.lv\/\",\"name\":\"Kailsak\u0146u st\u0101di - Dreili\u0146u st\u0101di\",\"description\":\"Izv\u0113lies savus kailsak\u0146u st\u0101dus\",\"potentialAction\":[{\"@type\":\"SearchAction\",\"target\":{\"@type\":\"EntryPoint\",\"urlTemplate\":\"https:\/\/kailsakni.dreilinustadi.lv\/?s={search_term_string}\"},\"query-input\":{\"@type\":\"PropertyValueSpecification\",\"valueRequired\":true,\"valueName\":\"search_term_string\"}}],\"inLanguage\":\"et\"}]}<\/script>\n<!-- \/ Yoast SEO plugin. -->","yoast_head_json":{"title":"Harilik p\u00e4rn (Tilia cordata) \u2013 paljasjuuriline seemik, 80\u2013120 cm. - Kailsak\u0146u st\u0101di - Dreili\u0146u st\u0101di","robots":{"index":"index","follow":"follow","max-snippet":"max-snippet:-1","max-image-preview":"max-image-preview:large","max-video-preview":"max-video-preview:-1"},"canonical":"https:\/\/kailsakni.dreilinustadi.lv\/et\/veikals\/kategooriata\/harilik-parn-tilia-cordata-paljasjuuriline-seemik-80-120-cm\/","og_locale":"et_EE","og_type":"article","og_title":"Harilik p\u00e4rn (Tilia cordata) \u2013 paljasjuuriline seemik, 80\u2013120 cm. - Kailsak\u0146u st\u0101di - Dreili\u0146u st\u0101di","og_description":"Paljasjuursed seemikud saab kulleriga tarnida mis tahes aadressile Eestis. Tarnehind \u2013 25 \u20ac.","og_url":"https:\/\/kailsakni.dreilinustadi.lv\/et\/veikals\/kategooriata\/harilik-parn-tilia-cordata-paljasjuuriline-seemik-80-120-cm\/","og_site_name":"Kailsak\u0146u st\u0101di - Dreili\u0146u st\u0101di","article_publisher":"https:\/\/www.facebook.com\/dreilinustadi\/","article_modified_time":"2025-10-08T19:07:53+00:00","og_image":[{"width":216,"height":233,"url":"https:\/\/kailsakni.dreilinustadi.lv\/wp-content\/uploads\/2025\/01\/liepa.jpeg","type":"image\/jpeg"}],"twitter_card":"summary_large_image","twitter_misc":{"Est. reading time":"1 minut"},"schema":{"@context":"https:\/\/schema.org","@graph":[{"@type":"WebPage","@id":"https:\/\/kailsakni.dreilinustadi.lv\/et\/veikals\/kategooriata\/harilik-parn-tilia-cordata-paljasjuuriline-seemik-80-120-cm\/","url":"https:\/\/kailsakni.dreilinustadi.lv\/et\/veikals\/kategooriata\/harilik-parn-tilia-cordata-paljasjuuriline-seemik-80-120-cm\/","name":"Harilik p\u00e4rn (Tilia cordata) \u2013 paljasjuuriline seemik, 80\u2013120 cm. - Kailsak\u0146u st\u0101di - Dreili\u0146u st\u0101di","isPartOf":{"@id":"https:\/\/kailsakni.dreilinustadi.lv\/#website"},"primaryImageOfPage":{"@id":"https:\/\/kailsakni.dreilinustadi.lv\/et\/veikals\/kategooriata\/harilik-parn-tilia-cordata-paljasjuuriline-seemik-80-120-cm\/#primaryimage"},"image":{"@id":"https:\/\/kailsakni.dreilinustadi.lv\/et\/veikals\/kategooriata\/harilik-parn-tilia-cordata-paljasjuuriline-seemik-80-120-cm\/#primaryimage"},"thumbnailUrl":"https:\/\/i0.wp.com\/kailsakni.dreilinustadi.lv\/wp-content\/uploads\/2025\/01\/liepa.jpeg?fit=216%2C233&ssl=1","datePublished":"2025-10-07T19:48:10+00:00","dateModified":"2025-10-08T19:07:53+00:00","breadcrumb":{"@id":"https:\/\/kailsakni.dreilinustadi.lv\/et\/veikals\/kategooriata\/harilik-parn-tilia-cordata-paljasjuuriline-seemik-80-120-cm\/#breadcrumb"},"inLanguage":"et","potentialAction":[{"@type":"ReadAction","target":["https:\/\/kailsakni.dreilinustadi.lv\/et\/veikals\/kategooriata\/harilik-parn-tilia-cordata-paljasjuuriline-seemik-80-120-cm\/"]}]},{"@type":"ImageObject","inLanguage":"et","@id":"https:\/\/kailsakni.dreilinustadi.lv\/et\/veikals\/kategooriata\/harilik-parn-tilia-cordata-paljasjuuriline-seemik-80-120-cm\/#primaryimage","url":"https:\/\/i0.wp.com\/kailsakni.dreilinustadi.lv\/wp-content\/uploads\/2025\/01\/liepa.jpeg?fit=216%2C233&ssl=1","contentUrl":"https:\/\/i0.wp.com\/kailsakni.dreilinustadi.lv\/wp-content\/uploads\/2025\/01\/liepa.jpeg?fit=216%2C233&ssl=1","width":216,"height":233},{"@type":"BreadcrumbList","@id":"https:\/\/kailsakni.dreilinustadi.lv\/et\/veikals\/kategooriata\/harilik-parn-tilia-cordata-paljasjuuriline-seemik-80-120-cm\/#breadcrumb","itemListElement":[{"@type":"ListItem","position":1,"name":"Home","item":"https:\/\/kailsakni.dreilinustadi.lv\/et\/"},{"@type":"ListItem","position":2,"name":"Pood","item":"https:\/\/kailsakni.dreilinustadi.lv\/et\/pood\/"},{"@type":"ListItem","position":3,"name":"Harilik p\u00e4rn (Tilia cordata) \u2013 paljasjuuriline seemik, 80\u2013120 cm."}]},{"@type":"WebSite","@id":"https:\/\/kailsakni.dreilinustadi.lv\/#website","url":"https:\/\/kailsakni.dreilinustadi.lv\/","name":"Kailsak\u0146u st\u0101di - Dreili\u0146u st\u0101di","description":"Izv\u0113lies savus kailsak\u0146u st\u0101dus","potentialAction":[{"@type":"SearchAction","target":{"@type":"EntryPoint","urlTemplate":"https:\/\/kailsakni.dreilinustadi.lv\/?s={search_term_string}"},"query-input":{"@type":"PropertyValueSpecification","valueRequired":true,"valueName":"search_term_string"}}],"inLanguage":"et"}]}},"jetpack_publicize_connections":[],"jetpack_sharing_enabled":true,"_links":{"self":[{"href":"https:\/\/kailsakni.dreilinustadi.lv\/et\/wp-json\/wp\/v2\/product\/5809","targetHints":{"allow":["GET"]}}],"collection":[{"href":"https:\/\/kailsakni.dreilinustadi.lv\/et\/wp-json\/wp\/v2\/product"}],"about":[{"href":"https:\/\/kailsakni.dreilinustadi.lv\/et\/wp-json\/wp\/v2\/types\/product"}],"wp:featuredmedia":[{"embeddable":true,"href":"https:\/\/kailsakni.dreilinustadi.lv\/et\/wp-json\/wp\/v2\/media\/5776"}],"wp:attachment":[{"href":"https:\/\/kailsakni.dreilinustadi.lv\/et\/wp-json\/wp\/v2\/media?parent=5809"}],"wp:term":[{"taxonomy":"product_brand","embeddable":true,"href":"https:\/\/kailsakni.dreilinustadi.lv\/et\/wp-json\/wp\/v2\/product_brand?post=5809"},{"taxonomy":"product_cat","embeddable":true,"href":"https:\/\/kailsakni.dreilinustadi.lv\/et\/wp-json\/wp\/v2\/product_cat?post=5809"},{"taxonomy":"product_tag","embeddable":true,"href":"https:\/\/kailsakni.dreilinustadi.lv\/et\/wp-json\/wp\/v2\/product_tag?post=5809"}],"curies":[{"name":"wp","href":"https:\/\/api.w.org\/{rel}","templated":true}]}}