{"id":5803,"date":"2025-01-10T17:10:11","date_gmt":"2025-10-07T19:41:50","guid":{"rendered":"https:\/\/kailsakni.dreilinustadi.lv\/?post_type=product&#038;p=5803"},"modified":"2025-10-08T00:28:04","modified_gmt":"2025-10-07T21:28:04","slug":"euroopa-pook-hekkideks-fagus-silvatica-paljasjuuriline-seemik-125-150-cm","status":"publish","type":"product","link":"https:\/\/kailsakni.dreilinustadi.lv\/et\/veikals\/poosaste-istikud\/muud-hekitaimed\/euroopa-pook-hekkideks-fagus-silvatica-paljasjuuriline-seemik-125-150-cm\/","title":{"rendered":"Euroopa p\u00f6\u00f6k \u2013 hekkideks. Fagus silvatica. Paljasjuuriline seemik 125\u2013150 cm"},"content":{"rendered":"<p><strong>Euroopa p\u00f6\u00f6k<\/strong> \u2013 ideaalne hekkideks. Lehed p\u00fcsivad okstel kaua, m\u00f5nikord kuni kevadeni, mist\u00f5ttu on seda isegi talvel raske l\u00e4bi n\u00e4ha, erinevalt tavalisest p\u00f6\u00f6gist, mille lehed talvel kiiremini langevad. Kiiresti kasvav, kasvab v\u00e4ga tihedalt, saab kujundada mis tahes k\u00f5rguseks ja laiuseks. Sobib v\u00e4ga h\u00e4sti tuulekaitsevallide loomiseks, sobib istutamiseks teede \u00e4\u00e4rde, kuna summutab h\u00e4sti m\u00fcra. Ei armasta liiga niisket mulda ega kasvamist varjus. Istutusvahe 50\u201370 cm.<\/p>\n","protected":false},"excerpt":{"rendered":"<p>Kiiresti kasvav, ideaalne hekkideks.<\/p>\n<hr \/>\n<p>Paljasjuursed seemikud on v\u00f5imalik kulleriga tarnida igale aadressile Eestis.<br \/>\nMinimaalne tellimuse kogus 50 t\u00fckki. Tarne hind \u2013 25 \u20ac.<\/p>\n","protected":false},"featured_media":5567,"template":"","meta":{"_et_pb_use_builder":"","_et_pb_old_content":"","_et_gb_content_width":"","jetpack_post_was_ever_published":false,"jetpack_publicize_message":"","jetpack_publicize_feature_enabled":true,"jetpack_social_post_already_shared":true,"jetpack_social_options":{"image_generator_settings":{"template":"highway","default_image_id":0,"font":"","enabled":false},"version":2}},"product_brand":[],"product_cat":[135,142,134,133,141],"product_tag":[],"class_list":{"0":"post-5803","1":"product","2":"type-product","3":"status-publish","4":"has-post-thumbnail","6":"product_cat-lehtpuud","7":"product_cat-muud-hekitaimed","8":"product_cat-oitsevad-poosad","9":"product_cat-paljasjuursed-seemikud","10":"product_cat-poosaste-istikud","12":"first","13":"outofstock","14":"taxable","15":"shipping-taxable","16":"purchasable","17":"product-type-simple"},"yoast_head":"<!-- This site is optimized with the Yoast SEO plugin v26.7 - https:\/\/yoast.com\/wordpress\/plugins\/seo\/ -->\n<title>Euroopa p\u00f6\u00f6k \u2013 hekkideks. Fagus silvatica. Paljasjuuriline seemik 125\u2013150 cm - Kailsak\u0146u st\u0101di - Dreili\u0146u st\u0101di<\/title>\n<meta name=\"robots\" content=\"index, follow, max-snippet:-1, max-image-preview:large, max-video-preview:-1\" \/>\n<link rel=\"canonical\" href=\"https:\/\/kailsakni.dreilinustadi.lv\/et\/veikals\/poosaste-istikud\/muud-hekitaimed\/euroopa-pook-hekkideks-fagus-silvatica-paljasjuuriline-seemik-125-150-cm\/\" \/>\n<meta property=\"og:locale\" content=\"et_EE\" \/>\n<meta property=\"og:type\" content=\"article\" \/>\n<meta property=\"og:title\" content=\"Euroopa p\u00f6\u00f6k \u2013 hekkideks. Fagus silvatica. Paljasjuuriline seemik 125\u2013150 cm - Kailsak\u0146u st\u0101di - Dreili\u0146u st\u0101di\" \/>\n<meta property=\"og:description\" content=\"Kiiresti kasvav, ideaalne hekkideks.    Paljasjuursed seemikud on v\u00f5imalik kulleriga tarnida igale aadressile Eestis. Minimaalne tellimuse kogus 50 t\u00fckki. Tarne hind \u2013 25 \u20ac.\" \/>\n<meta property=\"og:url\" content=\"https:\/\/kailsakni.dreilinustadi.lv\/et\/veikals\/poosaste-istikud\/muud-hekitaimed\/euroopa-pook-hekkideks-fagus-silvatica-paljasjuuriline-seemik-125-150-cm\/\" \/>\n<meta property=\"og:site_name\" content=\"Kailsak\u0146u st\u0101di - Dreili\u0146u st\u0101di\" \/>\n<meta property=\"article:publisher\" content=\"https:\/\/www.facebook.com\/dreilinustadi\/\" \/>\n<meta property=\"article:modified_time\" content=\"2025-10-07T21:28:04+00:00\" \/>\n<meta property=\"og:image\" content=\"https:\/\/kailsakni.dreilinustadi.lv\/wp-content\/uploads\/2018\/08\/di\u017eskab\u0101rdis.jpg\" \/>\n\t<meta property=\"og:image:width\" content=\"800\" \/>\n\t<meta property=\"og:image:height\" content=\"600\" \/>\n\t<meta property=\"og:image:type\" content=\"image\/jpeg\" \/>\n<meta name=\"twitter:card\" content=\"summary_large_image\" \/>\n<meta name=\"twitter:label1\" content=\"Est. reading time\" \/>\n\t<meta name=\"twitter:data1\" content=\"1 minut\" \/>\n<script type=\"application\/ld+json\" class=\"yoast-schema-graph\">{\"@context\":\"https:\/\/schema.org\",\"@graph\":[{\"@type\":\"WebPage\",\"@id\":\"https:\/\/kailsakni.dreilinustadi.lv\/et\/veikals\/poosaste-istikud\/muud-hekitaimed\/euroopa-pook-hekkideks-fagus-silvatica-paljasjuuriline-seemik-125-150-cm\/\",\"url\":\"https:\/\/kailsakni.dreilinustadi.lv\/et\/veikals\/poosaste-istikud\/muud-hekitaimed\/euroopa-pook-hekkideks-fagus-silvatica-paljasjuuriline-seemik-125-150-cm\/\",\"name\":\"Euroopa p\u00f6\u00f6k \u2013 hekkideks. Fagus silvatica. Paljasjuuriline seemik 125\u2013150 cm - Kailsak\u0146u st\u0101di - Dreili\u0146u st\u0101di\",\"isPartOf\":{\"@id\":\"https:\/\/kailsakni.dreilinustadi.lv\/#website\"},\"primaryImageOfPage\":{\"@id\":\"https:\/\/kailsakni.dreilinustadi.lv\/et\/veikals\/poosaste-istikud\/muud-hekitaimed\/euroopa-pook-hekkideks-fagus-silvatica-paljasjuuriline-seemik-125-150-cm\/#primaryimage\"},\"image\":{\"@id\":\"https:\/\/kailsakni.dreilinustadi.lv\/et\/veikals\/poosaste-istikud\/muud-hekitaimed\/euroopa-pook-hekkideks-fagus-silvatica-paljasjuuriline-seemik-125-150-cm\/#primaryimage\"},\"thumbnailUrl\":\"https:\/\/i0.wp.com\/kailsakni.dreilinustadi.lv\/wp-content\/uploads\/2018\/08\/di%C5%BEskab%C4%81rdis.jpg?fit=800%2C600&ssl=1\",\"datePublished\":\"2025-10-07T19:41:50+00:00\",\"dateModified\":\"2025-10-07T21:28:04+00:00\",\"breadcrumb\":{\"@id\":\"https:\/\/kailsakni.dreilinustadi.lv\/et\/veikals\/poosaste-istikud\/muud-hekitaimed\/euroopa-pook-hekkideks-fagus-silvatica-paljasjuuriline-seemik-125-150-cm\/#breadcrumb\"},\"inLanguage\":\"et\",\"potentialAction\":[{\"@type\":\"ReadAction\",\"target\":[\"https:\/\/kailsakni.dreilinustadi.lv\/et\/veikals\/poosaste-istikud\/muud-hekitaimed\/euroopa-pook-hekkideks-fagus-silvatica-paljasjuuriline-seemik-125-150-cm\/\"]}]},{\"@type\":\"ImageObject\",\"inLanguage\":\"et\",\"@id\":\"https:\/\/kailsakni.dreilinustadi.lv\/et\/veikals\/poosaste-istikud\/muud-hekitaimed\/euroopa-pook-hekkideks-fagus-silvatica-paljasjuuriline-seemik-125-150-cm\/#primaryimage\",\"url\":\"https:\/\/i0.wp.com\/kailsakni.dreilinustadi.lv\/wp-content\/uploads\/2018\/08\/di%C5%BEskab%C4%81rdis.jpg?fit=800%2C600&ssl=1\",\"contentUrl\":\"https:\/\/i0.wp.com\/kailsakni.dreilinustadi.lv\/wp-content\/uploads\/2018\/08\/di%C5%BEskab%C4%81rdis.jpg?fit=800%2C600&ssl=1\",\"width\":800,\"height\":600},{\"@type\":\"BreadcrumbList\",\"@id\":\"https:\/\/kailsakni.dreilinustadi.lv\/et\/veikals\/poosaste-istikud\/muud-hekitaimed\/euroopa-pook-hekkideks-fagus-silvatica-paljasjuuriline-seemik-125-150-cm\/#breadcrumb\",\"itemListElement\":[{\"@type\":\"ListItem\",\"position\":1,\"name\":\"Home\",\"item\":\"https:\/\/kailsakni.dreilinustadi.lv\/et\/\"},{\"@type\":\"ListItem\",\"position\":2,\"name\":\"Pood\",\"item\":\"https:\/\/kailsakni.dreilinustadi.lv\/et\/pood\/\"},{\"@type\":\"ListItem\",\"position\":3,\"name\":\"Euroopa p\u00f6\u00f6k \u2013 hekkideks. Fagus silvatica. Paljasjuuriline seemik 125\u2013150 cm\"}]},{\"@type\":\"WebSite\",\"@id\":\"https:\/\/kailsakni.dreilinustadi.lv\/#website\",\"url\":\"https:\/\/kailsakni.dreilinustadi.lv\/\",\"name\":\"Kailsak\u0146u st\u0101di - Dreili\u0146u st\u0101di\",\"description\":\"Izv\u0113lies savus kailsak\u0146u st\u0101dus\",\"potentialAction\":[{\"@type\":\"SearchAction\",\"target\":{\"@type\":\"EntryPoint\",\"urlTemplate\":\"https:\/\/kailsakni.dreilinustadi.lv\/?s={search_term_string}\"},\"query-input\":{\"@type\":\"PropertyValueSpecification\",\"valueRequired\":true,\"valueName\":\"search_term_string\"}}],\"inLanguage\":\"et\"}]}<\/script>\n<!-- \/ Yoast SEO plugin. -->","yoast_head_json":{"title":"Euroopa p\u00f6\u00f6k \u2013 hekkideks. Fagus silvatica. Paljasjuuriline seemik 125\u2013150 cm - Kailsak\u0146u st\u0101di - Dreili\u0146u st\u0101di","robots":{"index":"index","follow":"follow","max-snippet":"max-snippet:-1","max-image-preview":"max-image-preview:large","max-video-preview":"max-video-preview:-1"},"canonical":"https:\/\/kailsakni.dreilinustadi.lv\/et\/veikals\/poosaste-istikud\/muud-hekitaimed\/euroopa-pook-hekkideks-fagus-silvatica-paljasjuuriline-seemik-125-150-cm\/","og_locale":"et_EE","og_type":"article","og_title":"Euroopa p\u00f6\u00f6k \u2013 hekkideks. Fagus silvatica. Paljasjuuriline seemik 125\u2013150 cm - Kailsak\u0146u st\u0101di - Dreili\u0146u st\u0101di","og_description":"Kiiresti kasvav, ideaalne hekkideks.    Paljasjuursed seemikud on v\u00f5imalik kulleriga tarnida igale aadressile Eestis. Minimaalne tellimuse kogus 50 t\u00fckki. Tarne hind \u2013 25 \u20ac.","og_url":"https:\/\/kailsakni.dreilinustadi.lv\/et\/veikals\/poosaste-istikud\/muud-hekitaimed\/euroopa-pook-hekkideks-fagus-silvatica-paljasjuuriline-seemik-125-150-cm\/","og_site_name":"Kailsak\u0146u st\u0101di - Dreili\u0146u st\u0101di","article_publisher":"https:\/\/www.facebook.com\/dreilinustadi\/","article_modified_time":"2025-10-07T21:28:04+00:00","og_image":[{"width":800,"height":600,"url":"https:\/\/kailsakni.dreilinustadi.lv\/wp-content\/uploads\/2018\/08\/di\u017eskab\u0101rdis.jpg","type":"image\/jpeg"}],"twitter_card":"summary_large_image","twitter_misc":{"Est. reading time":"1 minut"},"schema":{"@context":"https:\/\/schema.org","@graph":[{"@type":"WebPage","@id":"https:\/\/kailsakni.dreilinustadi.lv\/et\/veikals\/poosaste-istikud\/muud-hekitaimed\/euroopa-pook-hekkideks-fagus-silvatica-paljasjuuriline-seemik-125-150-cm\/","url":"https:\/\/kailsakni.dreilinustadi.lv\/et\/veikals\/poosaste-istikud\/muud-hekitaimed\/euroopa-pook-hekkideks-fagus-silvatica-paljasjuuriline-seemik-125-150-cm\/","name":"Euroopa p\u00f6\u00f6k \u2013 hekkideks. Fagus silvatica. Paljasjuuriline seemik 125\u2013150 cm - Kailsak\u0146u st\u0101di - Dreili\u0146u st\u0101di","isPartOf":{"@id":"https:\/\/kailsakni.dreilinustadi.lv\/#website"},"primaryImageOfPage":{"@id":"https:\/\/kailsakni.dreilinustadi.lv\/et\/veikals\/poosaste-istikud\/muud-hekitaimed\/euroopa-pook-hekkideks-fagus-silvatica-paljasjuuriline-seemik-125-150-cm\/#primaryimage"},"image":{"@id":"https:\/\/kailsakni.dreilinustadi.lv\/et\/veikals\/poosaste-istikud\/muud-hekitaimed\/euroopa-pook-hekkideks-fagus-silvatica-paljasjuuriline-seemik-125-150-cm\/#primaryimage"},"thumbnailUrl":"https:\/\/i0.wp.com\/kailsakni.dreilinustadi.lv\/wp-content\/uploads\/2018\/08\/di%C5%BEskab%C4%81rdis.jpg?fit=800%2C600&ssl=1","datePublished":"2025-10-07T19:41:50+00:00","dateModified":"2025-10-07T21:28:04+00:00","breadcrumb":{"@id":"https:\/\/kailsakni.dreilinustadi.lv\/et\/veikals\/poosaste-istikud\/muud-hekitaimed\/euroopa-pook-hekkideks-fagus-silvatica-paljasjuuriline-seemik-125-150-cm\/#breadcrumb"},"inLanguage":"et","potentialAction":[{"@type":"ReadAction","target":["https:\/\/kailsakni.dreilinustadi.lv\/et\/veikals\/poosaste-istikud\/muud-hekitaimed\/euroopa-pook-hekkideks-fagus-silvatica-paljasjuuriline-seemik-125-150-cm\/"]}]},{"@type":"ImageObject","inLanguage":"et","@id":"https:\/\/kailsakni.dreilinustadi.lv\/et\/veikals\/poosaste-istikud\/muud-hekitaimed\/euroopa-pook-hekkideks-fagus-silvatica-paljasjuuriline-seemik-125-150-cm\/#primaryimage","url":"https:\/\/i0.wp.com\/kailsakni.dreilinustadi.lv\/wp-content\/uploads\/2018\/08\/di%C5%BEskab%C4%81rdis.jpg?fit=800%2C600&ssl=1","contentUrl":"https:\/\/i0.wp.com\/kailsakni.dreilinustadi.lv\/wp-content\/uploads\/2018\/08\/di%C5%BEskab%C4%81rdis.jpg?fit=800%2C600&ssl=1","width":800,"height":600},{"@type":"BreadcrumbList","@id":"https:\/\/kailsakni.dreilinustadi.lv\/et\/veikals\/poosaste-istikud\/muud-hekitaimed\/euroopa-pook-hekkideks-fagus-silvatica-paljasjuuriline-seemik-125-150-cm\/#breadcrumb","itemListElement":[{"@type":"ListItem","position":1,"name":"Home","item":"https:\/\/kailsakni.dreilinustadi.lv\/et\/"},{"@type":"ListItem","position":2,"name":"Pood","item":"https:\/\/kailsakni.dreilinustadi.lv\/et\/pood\/"},{"@type":"ListItem","position":3,"name":"Euroopa p\u00f6\u00f6k \u2013 hekkideks. Fagus silvatica. Paljasjuuriline seemik 125\u2013150 cm"}]},{"@type":"WebSite","@id":"https:\/\/kailsakni.dreilinustadi.lv\/#website","url":"https:\/\/kailsakni.dreilinustadi.lv\/","name":"Kailsak\u0146u st\u0101di - Dreili\u0146u st\u0101di","description":"Izv\u0113lies savus kailsak\u0146u st\u0101dus","potentialAction":[{"@type":"SearchAction","target":{"@type":"EntryPoint","urlTemplate":"https:\/\/kailsakni.dreilinustadi.lv\/?s={search_term_string}"},"query-input":{"@type":"PropertyValueSpecification","valueRequired":true,"valueName":"search_term_string"}}],"inLanguage":"et"}]}},"jetpack_publicize_connections":[],"jetpack_sharing_enabled":true,"_links":{"self":[{"href":"https:\/\/kailsakni.dreilinustadi.lv\/et\/wp-json\/wp\/v2\/product\/5803","targetHints":{"allow":["GET"]}}],"collection":[{"href":"https:\/\/kailsakni.dreilinustadi.lv\/et\/wp-json\/wp\/v2\/product"}],"about":[{"href":"https:\/\/kailsakni.dreilinustadi.lv\/et\/wp-json\/wp\/v2\/types\/product"}],"wp:featuredmedia":[{"embeddable":true,"href":"https:\/\/kailsakni.dreilinustadi.lv\/et\/wp-json\/wp\/v2\/media\/5567"}],"wp:attachment":[{"href":"https:\/\/kailsakni.dreilinustadi.lv\/et\/wp-json\/wp\/v2\/media?parent=5803"}],"wp:term":[{"taxonomy":"product_brand","embeddable":true,"href":"https:\/\/kailsakni.dreilinustadi.lv\/et\/wp-json\/wp\/v2\/product_brand?post=5803"},{"taxonomy":"product_cat","embeddable":true,"href":"https:\/\/kailsakni.dreilinustadi.lv\/et\/wp-json\/wp\/v2\/product_cat?post=5803"},{"taxonomy":"product_tag","embeddable":true,"href":"https:\/\/kailsakni.dreilinustadi.lv\/et\/wp-json\/wp\/v2\/product_tag?post=5803"}],"curies":[{"name":"wp","href":"https:\/\/api.w.org\/{rel}","templated":true}]}}