{"id":5873,"date":"2018-07-07T16:13:23","date_gmt":"2018-07-07T13:13:23","guid":{"rendered":"https:\/\/kailsakni.dreilinustadi.lv\/privacy-policy\/"},"modified":"2025-10-08T02:01:41","modified_gmt":"2025-10-07T23:01:41","slug":"privaatsuspoliitika","status":"publish","type":"page","link":"https:\/\/kailsakni.dreilinustadi.lv\/et\/privaatsuspoliitika\/","title":{"rendered":"Privaatsuspoliitika"},"content":{"rendered":"\n<ol class=\"wp-block-list\">\n<li>SISSEJUHATUS JA KONTAKTANDMED<br>1.1 K\u00e4esolevas privaatsuspoliitikas selgitab DreilinuStadi.lv, kuidas teie isikuandmeid t\u00f6\u00f6deldakse seoses:<br>(i) uudiskirja tellimisega,<br>(ii) broneeringu tegemisega e-poes.<br>1.2 Meie jaoks on oluline tagada teie t\u00e4ielik veendumus, et t\u00f6\u00f6tleme teie isikuandmeid vajaliku hoolsusega. Seet\u00f5ttu oleme rakendanud tehnilisi ja organisatsioonilisi turvameetmeid, mis kaitsevad teie isikuandmeid volitamata juurdep\u00e4\u00e4su ja kasutamise eest. Kutsume teid selle privaatsuspoliitika dokumendiga hoolikalt tutvuma.<br>1.3 DreilinuStadi.lv tegutseb vastutava t\u00f6\u00f6tlejana ja vastutab sellisena meie ettev\u00f5tte poolt v\u00f5i meie nimel teostatava teie isikuandmete t\u00f6\u00f6tlemise eest. Kui teil on isikuandmete t\u00f6\u00f6tlemise kohta k\u00fcsimusi, palume meiega \u00fchendust v\u00f5tta: Dreili\u0146u st\u0101di, SIA, Augusta Deglava 13, Riia, LV 1008, tel: 25110011, e-post: info@DreilinuStadi.lv.<\/li>\n\n\n\n<li>MILLISEID ISIKUANDMEID ME T\u00d6\u00d6TLEME?<br>2.1 Isikuandmed on igasugune teave, mis on teiega isiklikult seostatav. T\u00f6\u00f6tleme erinevaid isikuandmeid s\u00f5ltuvalt sellest, millised suhted oleme teiega loonud. Juhul, kui olete meile avaldanud teiste isikute andmeid (n\u00e4iteks oma pereliikmete andmeid), olete kohustatud neid isikuid k\u00e4esoleva dokumendi sisuga kurssi viima.<br>2.2 Kui te tellite uudiskirja, t\u00f6\u00f6tleme teie e-posti aadressi.<br>2.3 Kui teete broneeringu meie veebilehel, t\u00f6\u00f6tleme teie nime, telefoninumbrit ja e-posti aadressi. Lisaks on broneerimisaknas jaotis teie kommentaari v\u00f5i vabas vormis p\u00e4ringu jaoks; t\u00f6\u00f6tleme ka sel viisil esitatud teateid. Samuti v\u00f5ime t\u00f6\u00f6delda t\u00e4iendavaid isikuandmeid, mida te meile vabatahtlikult annate, n\u00e4iteks teavet selle kohta, milliseid istikuid te otsite, kui palju olete valmis nende eest maksma.<br>2.4 Kui olete meilt ostnud istikuid v\u00f5i olete alustanud ostuprotseduuri, milleks on vaja arve v\u00e4ljastada, t\u00f6\u00f6tleme lisaks eelnevalt nimetatud teabele ka teie isikukoodi.<br>2.5 Kui te k\u00fclastate meie veebisaiti, t\u00f6\u00f6tleme andmeid meie veebilehel tehtud tegevuste kohta, n\u00e4iteks k\u00fclastatud jaotised, otsinguajalugu, kasutatava seadme identifitseerimisnumber ja muud identifitseerimiseks vajalikud tunnused, seadme ja tarkvara omadused (n\u00e4iteks statistika veebilehe k\u00fclastuste, kasutatud linkide, IP-aadressi kohta, mis v\u00f5imaldab meil m\u00e4\u00e4rata kasutaja ligikaudse asukoha), samuti andmeid meie reklaammaterjalide k\u00e4ttesaadavuse ja kohaletoimetamise kohta. Teabe saamiseks kasutame ka k\u00fcpsiseid, mille kohta palume tutvuda neile p\u00fchendatud jaotisega.<br>2.6 Lisaks eelnevale v\u00f5ime t\u00f6\u00f6delda ka andmeid, mille olete meile andnud, suheldes meie m\u00fc\u00fcgi- v\u00f5i klienditeeninduse spetsialistidega, n\u00e4iteks teie eelistuste kohta seoses soovitud istikutega v\u00f5i teie esitatud kaebustega. Samuti v\u00f5ime hankida avalikest registritest teie kohta k\u00e4ttesaadavat teavet, n\u00e4iteks teie aadressi.<\/li>\n\n\n\n<li>MIS EESM\u00c4RKIDEL ME TEIE ISIKUANDMEID T\u00d6\u00d6TLEME?<br>3.1 Kogu eelnevalt nimetatud teavet kasutame j\u00e4rgmistel eesm\u00e4rkidel:<\/li>\n<\/ol>\n\n\n\n<p>et saata teile uudiskirju ja muid turundusmaterjale e-posti v\u00f5i SMS-i teel (teie saate alati loobuda selliste materjalide saamisest, kasutades saadetisele lisatud linki);<\/p>\n\n\n\n<p>et saata v\u00f5i pakkuda teile huvi pakkuvat teavet (tuginedes teie poolt esitatud teabele) meie kaupade ja teenuste kohta, mille vastu olete huvi ilmutanud, samuti teiste sarnaste kaupade kohta, kasutades e-posti, SMS-i v\u00f5i telefonik\u00f5net;<\/p>\n\n\n\n<p>et saata v\u00f5i pakkuda teile huvi pakkuvat teavet, mis p\u00f5hineb k\u00fcpsiste abil kogutud teabel, tingimusel, et olete n\u00f5ustunud k\u00fcpsiste kasutamisega (siin on saadaval t\u00e4iendav teave k\u00fcpsiste ja nende kustutamise kohta), kasutades e-posti, SMS-i v\u00f5i telefonik\u00f5net;<\/p>\n\n\n\n<p>et kasutada k\u00fcpsiste abil kogutud teavet selle kohta, kuidas olete meie veebisaiti kasutanud, kohandades ja isikup\u00e4rastades teile pakutavat teavet. Selline teie poolt meie veebisaidil tehtud tegevuste j\u00e4lgimine on v\u00f5imalik ainult siis, kui olete meile esitanud oma e-posti aadressi v\u00f5i muu otseseks identifitseerimiseks vajaliku teabe (t\u00e4iendav teave ja juhised j\u00e4lgimise l\u00f5petamiseks on saadaval k\u00fcpsiste jaotises);<\/p>\n\n\n\n<p>et saata teile kutseid \u00fcritustele seoses projektidega, mille vastu olete huvi ilmutanud, v\u00f5i sarnaste projektidega;<\/p>\n\n\n\n<p>ostulepingute ettevalmistamiseks, haldamiseks ja s\u00f5lmimiseks;<\/p>\n\n\n\n<p>kliendisuhete haldamiseks, n\u00e4iteks teiega konkreetsete projektide osas \u00fchenduse v\u00f5tmiseks, suhtlemise teostamiseks klienditeeninduse funktsioonide raames jne;<\/p>\n\n\n\n<p>et saata teile turundusmaterjale ja teavet teenuste ja toodete kohta, mille vastu olete huvi ilmutanud, tuginedes teid huvitavatele objektidele, sisekujunduse lahendustele ja varasematele ostutehingutele;<\/p>\n\n\n\n<p>turuanal\u00fc\u00fcsi ja kliendianal\u00fc\u00fcsi, turu-uuringute ja statistika kogumiseks;<\/p>\n\n\n\n<p>meie \u00f5iguslike kohustuste t\u00e4itmiseks, samuti \u00f5iguskaitse tagamiseks klientide n\u00f5uete korral;<\/p>\n\n\n\n<p>et tagada reaalajas tagasisidet meie rakenduste toimimise kohta, veenduda, et kasutajatel ei esine tehnilisi probleeme, pettuste v\u00e4ltimiseks ja meie veebiteenuste turvalisuse eest hoolitsemiseks.<\/p>\n\n\n\n<ol start=\"4\" class=\"wp-block-list\">\n<li>MILLAL TEIE ISIKUANDMED KUSTUTATAKSE?<br>4.1 Me s\u00e4ilitame teie isikuandmeid nii kaua, kui see on vajalik eelnevalt nimetatud eesm\u00e4rkide saavutamiseks. Kui andmed ei ole enam vajalikud, kustutatakse need vastavalt meie andmete kustutamise protseduuridele. See t\u00e4hendab, et teatud andmeid v\u00f5idakse s\u00e4ilitada kauem kui teisi andmeid.<br>4.2 N\u00e4iteks, kui te s\u00f5lmite meie ettev\u00f5ttega lepingu, s\u00e4ilitatakse leping ja suhtlus klienditeenindusega (n\u00e4iteks seoses n\u00f5uete v\u00f5i muude k\u00fcsimustega) garantiiperioodi jooksul, et saaksime t\u00e4ita oma kohustusi vastavalt lepingutingimustele. Samuti v\u00f5idakse andmeid s\u00e4ilitada pikema aja jooksul, n\u00e4iteks meie ettev\u00f5tte kaitse tagamiseks kliendi n\u00f5uete korral.<br>4.3 K\u00fcpsiste kehtivusaeg l\u00f5peb vastavalt kindlaksm\u00e4\u00e4ratud ajavahemikele, mis on siin t\u00e4psemalt v\u00e4lja toodud.<\/li>\n\n\n\n<li>MIS ON ISIKUANDMETE T\u00d6\u00d6TLEMISE \u00d5IGUSLIK ALUS?<br>5.1 Enamasti t\u00f6\u00f6tleme isikuandmeid, et tagada teie poolt taotletud teenuste osutamine v\u00f5i t\u00e4ita ostulepingu tingimusi.<br>5.2 Teiste andmete t\u00f6\u00f6tlemine toimub aga teie n\u00f5usoleku alusel, n\u00e4iteks seoses turundusmaterjalide ja teabe saamisega meie teenuste ja toodete kohta ja\/v\u00f5i seoses turu- v\u00f5i kliendianal\u00fc\u00fcsi, turu-uuringute v\u00f5i statistika kogumisega.<br>5.3 Teatud andmet\u00f6\u00f6tlustoimingud p\u00f5hinevad \u00f5igustatud huvil, et optimeerida meie m\u00fc\u00fcgi- ja turundustegevusi, v\u00e4ltida v\u00f5imalikke pettusi, teostada turu-uuringuid, parandada veebisaidi funktsionaalsust ja teostada statistilist anal\u00fc\u00fcsi.<\/li>\n\n\n\n<li>KELLELE ME TEIE ISIKUANDMEID AVALDAME?<br>6.1 Seoses uudiskirja ja projektiteabe saatmisega avaldatakse teie andmed teistele Dreilinustadi grupi ettev\u00f5tetele (n\u00e4iteks turundus\u00fcritusteks, teenuste ja kampaaniate v\u00e4ljat\u00f6\u00f6tamiseks), samuti v\u00e4listele ettev\u00f5tetele, kes meile teenuseid osutavad (n\u00e4iteks IT-teenused, klienditeenindus ja m\u00fc\u00fcgiesindajate teenused). Samuti on meil kohustus teie andmeid avaldada riigiasutustele, kui nad n\u00f5uavad selliste andmete avaldamist seoses \u00f5iguslikult p\u00f5hjendatud p\u00e4ringu v\u00f5i haldusotsusega.<br>6.2 Ettev\u00f5tetel, kellele me teie andmed avaldame, on lubatud neid t\u00f6\u00f6delda ainult vastavalt meie poolt v\u00e4ljat\u00f6\u00f6tatud juhistele; lisaks s\u00f5lmime me nende ettev\u00f5tetega lepingud, mis tagavad teie isikuandmetele k\u00f5rgetasemelise turvalisuse.<\/li>\n\n\n\n<li>TEIE \u00d5IGUSED SEOSES TEIE ANDMETE T\u00d6\u00d6TLEMISEGA<br>7.1 Vastavalt kohaldatavatele andmekaitse\u00f5igusaktidele on teil seoses teie isikuandmete t\u00f6\u00f6tlemisega j\u00e4rgmised \u00f5igused:<\/li>\n<\/ol>\n\n\n\n<p>\u00f5igus p\u00e4\u00e4seda juurde, st \u00f5igus saada teavet selle kohta, milliseid isikuandmeid me t\u00f6\u00f6tleme, ja saada t\u00f6\u00f6deldavate andmete koopia;<\/p>\n\n\n\n<p>\u00f5igus parandada, st \u00f5igus parandada eba\u00f5igeid andmeid;<\/p>\n\n\n\n<p>\u00f5igus kustutada, st \u00f5igus n\u00f5uda teie isikuandmete kustutamist;<\/p>\n\n\n\n<p>\u00f5igus piirata t\u00f6\u00f6tlemist, st \u00f5igus n\u00f5uda meie poolt teostatava andmet\u00f6\u00f6tluse piiramist, n\u00e4iteks kui te vaidlustate meie t\u00f6\u00f6deldavate andmete \u00f5igsuse;<\/p>\n\n\n\n<p>\u00f5igus andmete \u00fclekandmisele, st \u00f5igus n\u00f5uda, et teie isikuandmed edastataks meie ettev\u00f5ttest teisele ettev\u00f5ttele;<\/p>\n\n\n\n<p>\u00f5igus esitada vastuv\u00e4iteid sellele, et meie ettev\u00f5te teie isikuandmeid t\u00f6\u00f6tleb;<\/p>\n\n\n\n<p>\u00f5igus n\u00f5usolek tagasi v\u00f5tta; selline tagasiv\u00f5tmine ei m\u00f5juta siiski varem teostatud andmet\u00f6\u00f6tlust, millele olete n\u00f5usoleku andnud;<\/p>\n\n\n\n<p>\u00f5igus kaevata j\u00e4relevalveasutusele, kui te arvate, et meie poolt teostatav andmet\u00f6\u00f6tlus ei vasta kohaldatavate andmekaitse\u00f5igusaktide n\u00f5uetele.<br>7.2 M\u00f5nda neist \u00f5igustest saab kasutada ainult spetsiifilistel juhtudel. Kui soovite kasutada m\u00f5nda oma \u00f5igustest, palume meiega \u00fchendust v\u00f5tta, kasutades k\u00e4esoleva dokumendi sissejuhatuses m\u00e4rgitud kontaktandmeid.<\/p>\n","protected":false},"excerpt":{"rendered":"<p>et saata teile uudiskirju ja muid turundusmaterjale e-posti v\u00f5i SMS-i teel (teie saate alati loobuda selliste materjalide saamisest, kasutades saadetisele lisatud linki); et saata v\u00f5i pakkuda teile huvi pakkuvat teavet (tuginedes teie poolt esitatud teabele) meie kaupade ja teenuste kohta, mille vastu olete huvi ilmutanud, samuti teiste sarnaste kaupade kohta, kasutades e-posti, SMS-i v\u00f5i telefonik\u00f5net; [&hellip;]<\/p>\n","protected":false},"author":1,"featured_media":0,"parent":0,"menu_order":0,"comment_status":"closed","ping_status":"closed","template":"","meta":{"_et_pb_use_builder":"","_et_pb_old_content":"","_et_gb_content_width":"","jetpack_post_was_ever_published":false,"footnotes":""},"class_list":["post-5873","page","type-page","status-publish","hentry"],"yoast_head":"<!-- This site is optimized with the Yoast SEO plugin v26.7 - https:\/\/yoast.com\/wordpress\/plugins\/seo\/ -->\n<title>Privaatsuspoliitika - Kailsak\u0146u st\u0101di - Dreili\u0146u st\u0101di<\/title>\n<meta name=\"robots\" content=\"index, follow, max-snippet:-1, max-image-preview:large, max-video-preview:-1\" \/>\n<link rel=\"canonical\" href=\"https:\/\/kailsakni.dreilinustadi.lv\/et\/privaatsuspoliitika\/\" \/>\n<meta property=\"og:locale\" content=\"et_EE\" \/>\n<meta property=\"og:type\" content=\"article\" \/>\n<meta property=\"og:title\" content=\"Privaatsuspoliitika - Kailsak\u0146u st\u0101di - Dreili\u0146u st\u0101di\" \/>\n<meta property=\"og:description\" content=\"et saata teile uudiskirju ja muid turundusmaterjale e-posti v\u00f5i SMS-i teel (teie saate alati loobuda selliste materjalide saamisest, kasutades saadetisele lisatud linki); et saata v\u00f5i pakkuda teile huvi pakkuvat teavet (tuginedes teie poolt esitatud teabele) meie kaupade ja teenuste kohta, mille vastu olete huvi ilmutanud, samuti teiste sarnaste kaupade kohta, kasutades e-posti, SMS-i v\u00f5i telefonik\u00f5net; [&hellip;]\" \/>\n<meta property=\"og:url\" content=\"https:\/\/kailsakni.dreilinustadi.lv\/et\/privaatsuspoliitika\/\" \/>\n<meta property=\"og:site_name\" content=\"Kailsak\u0146u st\u0101di - Dreili\u0146u st\u0101di\" \/>\n<meta property=\"article:publisher\" content=\"https:\/\/www.facebook.com\/dreilinustadi\/\" \/>\n<meta property=\"article:modified_time\" content=\"2025-10-07T23:01:41+00:00\" \/>\n<meta name=\"twitter:card\" content=\"summary_large_image\" \/>\n<meta name=\"twitter:label1\" content=\"Est. reading time\" \/>\n\t<meta name=\"twitter:data1\" content=\"6 minutit\" \/>\n<script type=\"application\/ld+json\" class=\"yoast-schema-graph\">{\"@context\":\"https:\/\/schema.org\",\"@graph\":[{\"@type\":\"WebPage\",\"@id\":\"https:\/\/kailsakni.dreilinustadi.lv\/et\/privaatsuspoliitika\/\",\"url\":\"https:\/\/kailsakni.dreilinustadi.lv\/et\/privaatsuspoliitika\/\",\"name\":\"Privaatsuspoliitika - Kailsak\u0146u st\u0101di - Dreili\u0146u st\u0101di\",\"isPartOf\":{\"@id\":\"https:\/\/kailsakni.dreilinustadi.lv\/#website\"},\"datePublished\":\"2018-07-07T13:13:23+00:00\",\"dateModified\":\"2025-10-07T23:01:41+00:00\",\"breadcrumb\":{\"@id\":\"https:\/\/kailsakni.dreilinustadi.lv\/et\/privaatsuspoliitika\/#breadcrumb\"},\"inLanguage\":\"et\",\"potentialAction\":[{\"@type\":\"ReadAction\",\"target\":[\"https:\/\/kailsakni.dreilinustadi.lv\/et\/privaatsuspoliitika\/\"]}]},{\"@type\":\"BreadcrumbList\",\"@id\":\"https:\/\/kailsakni.dreilinustadi.lv\/et\/privaatsuspoliitika\/#breadcrumb\",\"itemListElement\":[{\"@type\":\"ListItem\",\"position\":1,\"name\":\"Home\",\"item\":\"https:\/\/kailsakni.dreilinustadi.lv\/et\/\"},{\"@type\":\"ListItem\",\"position\":2,\"name\":\"Privaatsuspoliitika\"}]},{\"@type\":\"WebSite\",\"@id\":\"https:\/\/kailsakni.dreilinustadi.lv\/#website\",\"url\":\"https:\/\/kailsakni.dreilinustadi.lv\/\",\"name\":\"Kailsak\u0146u st\u0101di - Dreili\u0146u st\u0101di\",\"description\":\"Izv\u0113lies savus kailsak\u0146u st\u0101dus\",\"potentialAction\":[{\"@type\":\"SearchAction\",\"target\":{\"@type\":\"EntryPoint\",\"urlTemplate\":\"https:\/\/kailsakni.dreilinustadi.lv\/?s={search_term_string}\"},\"query-input\":{\"@type\":\"PropertyValueSpecification\",\"valueRequired\":true,\"valueName\":\"search_term_string\"}}],\"inLanguage\":\"et\"}]}<\/script>\n<!-- \/ Yoast SEO plugin. -->","yoast_head_json":{"title":"Privaatsuspoliitika - Kailsak\u0146u st\u0101di - Dreili\u0146u st\u0101di","robots":{"index":"index","follow":"follow","max-snippet":"max-snippet:-1","max-image-preview":"max-image-preview:large","max-video-preview":"max-video-preview:-1"},"canonical":"https:\/\/kailsakni.dreilinustadi.lv\/et\/privaatsuspoliitika\/","og_locale":"et_EE","og_type":"article","og_title":"Privaatsuspoliitika - Kailsak\u0146u st\u0101di - Dreili\u0146u st\u0101di","og_description":"et saata teile uudiskirju ja muid turundusmaterjale e-posti v\u00f5i SMS-i teel (teie saate alati loobuda selliste materjalide saamisest, kasutades saadetisele lisatud linki); et saata v\u00f5i pakkuda teile huvi pakkuvat teavet (tuginedes teie poolt esitatud teabele) meie kaupade ja teenuste kohta, mille vastu olete huvi ilmutanud, samuti teiste sarnaste kaupade kohta, kasutades e-posti, SMS-i v\u00f5i telefonik\u00f5net; [&hellip;]","og_url":"https:\/\/kailsakni.dreilinustadi.lv\/et\/privaatsuspoliitika\/","og_site_name":"Kailsak\u0146u st\u0101di - Dreili\u0146u st\u0101di","article_publisher":"https:\/\/www.facebook.com\/dreilinustadi\/","article_modified_time":"2025-10-07T23:01:41+00:00","twitter_card":"summary_large_image","twitter_misc":{"Est. reading time":"6 minutit"},"schema":{"@context":"https:\/\/schema.org","@graph":[{"@type":"WebPage","@id":"https:\/\/kailsakni.dreilinustadi.lv\/et\/privaatsuspoliitika\/","url":"https:\/\/kailsakni.dreilinustadi.lv\/et\/privaatsuspoliitika\/","name":"Privaatsuspoliitika - Kailsak\u0146u st\u0101di - Dreili\u0146u st\u0101di","isPartOf":{"@id":"https:\/\/kailsakni.dreilinustadi.lv\/#website"},"datePublished":"2018-07-07T13:13:23+00:00","dateModified":"2025-10-07T23:01:41+00:00","breadcrumb":{"@id":"https:\/\/kailsakni.dreilinustadi.lv\/et\/privaatsuspoliitika\/#breadcrumb"},"inLanguage":"et","potentialAction":[{"@type":"ReadAction","target":["https:\/\/kailsakni.dreilinustadi.lv\/et\/privaatsuspoliitika\/"]}]},{"@type":"BreadcrumbList","@id":"https:\/\/kailsakni.dreilinustadi.lv\/et\/privaatsuspoliitika\/#breadcrumb","itemListElement":[{"@type":"ListItem","position":1,"name":"Home","item":"https:\/\/kailsakni.dreilinustadi.lv\/et\/"},{"@type":"ListItem","position":2,"name":"Privaatsuspoliitika"}]},{"@type":"WebSite","@id":"https:\/\/kailsakni.dreilinustadi.lv\/#website","url":"https:\/\/kailsakni.dreilinustadi.lv\/","name":"Kailsak\u0146u st\u0101di - Dreili\u0146u st\u0101di","description":"Izv\u0113lies savus kailsak\u0146u st\u0101dus","potentialAction":[{"@type":"SearchAction","target":{"@type":"EntryPoint","urlTemplate":"https:\/\/kailsakni.dreilinustadi.lv\/?s={search_term_string}"},"query-input":{"@type":"PropertyValueSpecification","valueRequired":true,"valueName":"search_term_string"}}],"inLanguage":"et"}]}},"jetpack_sharing_enabled":true,"jetpack_shortlink":"https:\/\/wp.me\/Pa8Pny-1wJ","_links":{"self":[{"href":"https:\/\/kailsakni.dreilinustadi.lv\/et\/wp-json\/wp\/v2\/pages\/5873","targetHints":{"allow":["GET"]}}],"collection":[{"href":"https:\/\/kailsakni.dreilinustadi.lv\/et\/wp-json\/wp\/v2\/pages"}],"about":[{"href":"https:\/\/kailsakni.dreilinustadi.lv\/et\/wp-json\/wp\/v2\/types\/page"}],"author":[{"embeddable":true,"href":"https:\/\/kailsakni.dreilinustadi.lv\/et\/wp-json\/wp\/v2\/users\/1"}],"replies":[{"embeddable":true,"href":"https:\/\/kailsakni.dreilinustadi.lv\/et\/wp-json\/wp\/v2\/comments?post=5873"}],"version-history":[{"count":1,"href":"https:\/\/kailsakni.dreilinustadi.lv\/et\/wp-json\/wp\/v2\/pages\/5873\/revisions"}],"predecessor-version":[{"id":5875,"href":"https:\/\/kailsakni.dreilinustadi.lv\/et\/wp-json\/wp\/v2\/pages\/5873\/revisions\/5875"}],"wp:attachment":[{"href":"https:\/\/kailsakni.dreilinustadi.lv\/et\/wp-json\/wp\/v2\/media?parent=5873"}],"curies":[{"name":"wp","href":"https:\/\/api.w.org\/{rel}","templated":true}]}}