{"id":5862,"date":"2021-08-27T12:30:40","date_gmt":"2021-08-27T09:30:40","guid":{"rendered":"https:\/\/kailsakni.dreilinustadi.lv\/cart\/"},"modified":"2025-10-08T01:52:12","modified_gmt":"2025-10-07T22:52:12","slug":"cart","status":"publish","type":"page","link":"https:\/\/kailsakni.dreilinustadi.lv\/et\/cart\/","title":{"rendered":"Ostukorv"},"content":{"rendered":"\n","protected":false},"excerpt":{"rendered":"","protected":false},"author":1,"featured_media":0,"parent":0,"menu_order":0,"comment_status":"closed","ping_status":"closed","template":"","meta":{"_et_pb_use_builder":"","_et_pb_old_content":"","_et_gb_content_width":"","jetpack_post_was_ever_published":false,"footnotes":""},"class_list":["post-5862","page","type-page","status-publish","hentry"],"yoast_head":"<!-- This site is optimized with the Yoast SEO plugin v26.7 - https:\/\/yoast.com\/wordpress\/plugins\/seo\/ -->\n<title>Ostukorv - Kailsak\u0146u st\u0101di - Dreili\u0146u st\u0101di<\/title>\n<meta name=\"robots\" content=\"index, follow, max-snippet:-1, max-image-preview:large, max-video-preview:-1\" \/>\n<link rel=\"canonical\" href=\"https:\/\/kailsakni.dreilinustadi.lv\/et\/cart\/\" \/>\n<meta property=\"og:locale\" content=\"et_EE\" \/>\n<meta property=\"og:type\" content=\"article\" \/>\n<meta property=\"og:title\" content=\"Ostukorv - Kailsak\u0146u st\u0101di - Dreili\u0146u st\u0101di\" \/>\n<meta property=\"og:url\" content=\"https:\/\/kailsakni.dreilinustadi.lv\/et\/cart\/\" \/>\n<meta property=\"og:site_name\" content=\"Kailsak\u0146u st\u0101di - Dreili\u0146u st\u0101di\" \/>\n<meta property=\"article:publisher\" content=\"https:\/\/www.facebook.com\/dreilinustadi\/\" \/>\n<meta property=\"article:modified_time\" content=\"2025-10-07T22:52:12+00:00\" \/>\n<meta name=\"twitter:card\" content=\"summary_large_image\" \/>\n<meta name=\"twitter:label1\" content=\"Est. reading time\" \/>\n\t<meta name=\"twitter:data1\" content=\"1 minut\" \/>\n<script type=\"application\/ld+json\" class=\"yoast-schema-graph\">{\"@context\":\"https:\/\/schema.org\",\"@graph\":[{\"@type\":\"WebPage\",\"@id\":\"https:\/\/kailsakni.dreilinustadi.lv\/et\/cart\/\",\"url\":\"https:\/\/kailsakni.dreilinustadi.lv\/et\/cart\/\",\"name\":\"Ostukorv - Kailsak\u0146u st\u0101di - Dreili\u0146u st\u0101di\",\"isPartOf\":{\"@id\":\"https:\/\/kailsakni.dreilinustadi.lv\/#website\"},\"datePublished\":\"2021-08-27T09:30:40+00:00\",\"dateModified\":\"2025-10-07T22:52:12+00:00\",\"breadcrumb\":{\"@id\":\"https:\/\/kailsakni.dreilinustadi.lv\/et\/cart\/#breadcrumb\"},\"inLanguage\":\"et\",\"potentialAction\":[{\"@type\":\"ReadAction\",\"target\":[\"https:\/\/kailsakni.dreilinustadi.lv\/et\/cart\/\"]}]},{\"@type\":\"BreadcrumbList\",\"@id\":\"https:\/\/kailsakni.dreilinustadi.lv\/et\/cart\/#breadcrumb\",\"itemListElement\":[{\"@type\":\"ListItem\",\"position\":1,\"name\":\"Home\",\"item\":\"https:\/\/kailsakni.dreilinustadi.lv\/et\/\"},{\"@type\":\"ListItem\",\"position\":2,\"name\":\"Ostukorv\"}]},{\"@type\":\"WebSite\",\"@id\":\"https:\/\/kailsakni.dreilinustadi.lv\/#website\",\"url\":\"https:\/\/kailsakni.dreilinustadi.lv\/\",\"name\":\"Kailsak\u0146u st\u0101di - Dreili\u0146u st\u0101di\",\"description\":\"Izv\u0113lies savus kailsak\u0146u st\u0101dus\",\"potentialAction\":[{\"@type\":\"SearchAction\",\"target\":{\"@type\":\"EntryPoint\",\"urlTemplate\":\"https:\/\/kailsakni.dreilinustadi.lv\/?s={search_term_string}\"},\"query-input\":{\"@type\":\"PropertyValueSpecification\",\"valueRequired\":true,\"valueName\":\"search_term_string\"}}],\"inLanguage\":\"et\"}]}<\/script>\n<!-- \/ Yoast SEO plugin. -->","yoast_head_json":{"title":"Ostukorv - Kailsak\u0146u st\u0101di - Dreili\u0146u st\u0101di","robots":{"index":"index","follow":"follow","max-snippet":"max-snippet:-1","max-image-preview":"max-image-preview:large","max-video-preview":"max-video-preview:-1"},"canonical":"https:\/\/kailsakni.dreilinustadi.lv\/et\/cart\/","og_locale":"et_EE","og_type":"article","og_title":"Ostukorv - Kailsak\u0146u st\u0101di - Dreili\u0146u st\u0101di","og_url":"https:\/\/kailsakni.dreilinustadi.lv\/et\/cart\/","og_site_name":"Kailsak\u0146u st\u0101di - Dreili\u0146u st\u0101di","article_publisher":"https:\/\/www.facebook.com\/dreilinustadi\/","article_modified_time":"2025-10-07T22:52:12+00:00","twitter_card":"summary_large_image","twitter_misc":{"Est. reading time":"1 minut"},"schema":{"@context":"https:\/\/schema.org","@graph":[{"@type":"WebPage","@id":"https:\/\/kailsakni.dreilinustadi.lv\/et\/cart\/","url":"https:\/\/kailsakni.dreilinustadi.lv\/et\/cart\/","name":"Ostukorv - Kailsak\u0146u st\u0101di - Dreili\u0146u st\u0101di","isPartOf":{"@id":"https:\/\/kailsakni.dreilinustadi.lv\/#website"},"datePublished":"2021-08-27T09:30:40+00:00","dateModified":"2025-10-07T22:52:12+00:00","breadcrumb":{"@id":"https:\/\/kailsakni.dreilinustadi.lv\/et\/cart\/#breadcrumb"},"inLanguage":"et","potentialAction":[{"@type":"ReadAction","target":["https:\/\/kailsakni.dreilinustadi.lv\/et\/cart\/"]}]},{"@type":"BreadcrumbList","@id":"https:\/\/kailsakni.dreilinustadi.lv\/et\/cart\/#breadcrumb","itemListElement":[{"@type":"ListItem","position":1,"name":"Home","item":"https:\/\/kailsakni.dreilinustadi.lv\/et\/"},{"@type":"ListItem","position":2,"name":"Ostukorv"}]},{"@type":"WebSite","@id":"https:\/\/kailsakni.dreilinustadi.lv\/#website","url":"https:\/\/kailsakni.dreilinustadi.lv\/","name":"Kailsak\u0146u st\u0101di - Dreili\u0146u st\u0101di","description":"Izv\u0113lies savus kailsak\u0146u st\u0101dus","potentialAction":[{"@type":"SearchAction","target":{"@type":"EntryPoint","urlTemplate":"https:\/\/kailsakni.dreilinustadi.lv\/?s={search_term_string}"},"query-input":{"@type":"PropertyValueSpecification","valueRequired":true,"valueName":"search_term_string"}}],"inLanguage":"et"}]}},"jetpack_sharing_enabled":true,"jetpack_shortlink":"https:\/\/wp.me\/Pa8Pny-1wy","_links":{"self":[{"href":"https:\/\/kailsakni.dreilinustadi.lv\/et\/wp-json\/wp\/v2\/pages\/5862","targetHints":{"allow":["GET"]}}],"collection":[{"href":"https:\/\/kailsakni.dreilinustadi.lv\/et\/wp-json\/wp\/v2\/pages"}],"about":[{"href":"https:\/\/kailsakni.dreilinustadi.lv\/et\/wp-json\/wp\/v2\/types\/page"}],"author":[{"embeddable":true,"href":"https:\/\/kailsakni.dreilinustadi.lv\/et\/wp-json\/wp\/v2\/users\/1"}],"replies":[{"embeddable":true,"href":"https:\/\/kailsakni.dreilinustadi.lv\/et\/wp-json\/wp\/v2\/comments?post=5862"}],"version-history":[{"count":1,"href":"https:\/\/kailsakni.dreilinustadi.lv\/et\/wp-json\/wp\/v2\/pages\/5862\/revisions"}],"predecessor-version":[{"id":5864,"href":"https:\/\/kailsakni.dreilinustadi.lv\/et\/wp-json\/wp\/v2\/pages\/5862\/revisions\/5864"}],"wp:attachment":[{"href":"https:\/\/kailsakni.dreilinustadi.lv\/et\/wp-json\/wp\/v2\/media?parent=5862"}],"curies":[{"name":"wp","href":"https:\/\/api.w.org\/{rel}","templated":true}]}}