{"id":5856,"date":"2018-08-02T17:55:55","date_gmt":"2018-08-02T14:55:55","guid":{"rendered":"https:\/\/kailsakni.dreilinustadi.lv\/kailsaknu-rezervacijas-apraksts-un-noteikumi\/"},"modified":"2025-10-08T01:47:43","modified_gmt":"2025-10-07T22:47:43","slug":"paljasjuurte-broneerimise-protsessi-kirjeldus-ja-reeglid","status":"publish","type":"page","link":"https:\/\/kailsakni.dreilinustadi.lv\/et\/paljasjuurte-broneerimise-protsessi-kirjeldus-ja-reeglid\/","title":{"rendered":"Paljasjuurte broneerimise protsessi kirjeldus ja reeglid."},"content":{"rendered":"<p>[et_pb_section fb_built=&#8221;1&#8243; admin_label=&#8221;section&#8221; _builder_version=&#8221;4.16&#8243; global_colors_info=&#8221;{}&#8221;][et_pb_row admin_label=&#8221;row&#8221; _builder_version=&#8221;4.16&#8243; background_size=&#8221;initial&#8221; background_position=&#8221;top_left&#8221; background_repeat=&#8221;repeat&#8221; global_colors_info=&#8221;{}&#8221;][et_pb_column type=&#8221;4_4&#8243; _builder_version=&#8221;4.16&#8243; custom_padding=&#8221;|||&#8221; global_colors_info=&#8221;{}&#8221; custom_padding__hover=&#8221;|||&#8221;][et_pb_text admin_label=&#8221;Text&#8221; _builder_version=&#8221;4.16&#8243; background_size=&#8221;initial&#8221; background_position=&#8221;top_left&#8221; background_repeat=&#8221;repeat&#8221; global_colors_info=&#8221;{}&#8221;]<\/p>\n<p><strong><\/strong><\/p>\n<p>Ostu-\/m\u00fc\u00fcgitingimused: Broneeringud v\u00f5imaldavad meil tagada, et meil on kohapeal piisav taimede varu, ning aitavad teil aega s\u00e4\u00e4sta.<\/p>\n<p>Broneerimise h\u00f5lbustamiseks kutsume Teid \u00fcles looma <strong>kliendiprofiili<\/strong>! See s\u00e4\u00e4stab Teie aega tulevikus uute broneeringute tegemisel ja v\u00f5imaldab Teil h\u00f5lpsasti vaadata oma broneeringu \u00fcksikasju.<\/p>\n<p><strong>Soovitud seemikute broneerimiseks::<\/strong><\/p>\n<ol>\n<li style=\"text-align: left;\">Leia \u201ePood\u201d sektsioonis (v\u00f5i \u00fches kategooriatest) soovitud taim ja kl\u00f5psa sellel. Avaneb taime kirjeldus.<\/li>\n<li>Kui soovite seda reserveerida (osta), lisage soovitud taim oma \u201e<strong>korvi<\/strong>\u201c, kl\u00f5psates nupule \u201e<strong>Lisa korvi<\/strong>\u201c.<\/li>\n<li>Saate oma valikut igal ajal vaadata jaotises \u201eOstukorv\u201d.<\/li>\n<li><span>Kui olete valinud k\u00f5ik soovitud tooted, kl\u00f5psake ostukorvi osas nuppu \u201e<strong>Broneeri<\/strong>\u201d ja teid suunatakse osasse \u201eViige broneering l\u00f5pule\u201d.<\/span><\/li>\n<li>P\u00e4rast ostukorvi t\u00e4itmist sisestage oma broneeringu andmed ja kl\u00f5psake nuppu \u201e<strong>Kinnita broneering<\/strong>&#8221;\n<ol>\n<li>Kui soovite lisada oma broneeringule t\u00e4iendavat teavet (nt taimede kohaletoimetamise koht), saate seda teha t\u00e4iendava teabe lahtris, v\u00e4ljal \u201e<strong>Broneeringu m\u00e4rkused<\/strong>&#8220;<\/li>\n<\/ol>\n<\/li>\n<li>Te saate broneeringu kinnituse koos t\u00e4iendavate juhistega e-posti teel.<\/li>\n<li>Niipea kui hakkame broneeringuid v\u00e4ljastama, saate meilt e-kirja ja SMS-i teate.<\/li>\n<li>Taimede k\u00e4ttesaamisel palun esitage oma <strong>broneeringu number<\/strong>.<\/li>\n<li>Esimesena t\u00f6\u00f6deldakse t\u00e4ielikult makstud broneeringud.<\/li>\n<li>Kui valite kohaletoimetamise, tuleb makse teha tellimuse esitamisel. Taimed saadetakse alles p\u00e4rast makse laekumist.*<\/li>\n<\/ol>\n<p>*Makstud tellimused t\u00f6\u00f6deldakse esmaj\u00e4rjekorras, v\u00f5ttes arvesse makse kuup\u00e4eva. Seet\u00f5ttu palume teil taimed reserveerida alles siis, kui olete valmis makse tegema.<\/p>\n<p><span>Teie esitatud kontaktandmeid kasutatakse ainult teiega broneeringu asjus \u00fchenduse v\u00f5tmiseks.\u00a0<\/span><\/p>\n<p><strong>Ostu-\/m\u00fc\u00fcgitingimused:<\/strong><\/p>\n<ol>\n<li>Broneeringu tegemisega n\u00f5ustute allpool toodud broneeringutingimustega ning meie isikuandmete t\u00f6\u00f6tlemise p\u00f5him\u00f5tetega.<br \/>2. Paljasjuurte m\u00fc\u00fck algab kevadel\/s\u00fcgisel ja sellest teavitame teid eraldi \u2013 broneeringuid v\u00f5etakse vastu juba praegu.<br \/>3. Kui saate teate \u201eTeie broneering on valmis k\u00e4ttesaamiseks\u201d, n\u00f5ustute selle 2 n\u00e4dala jooksul k\u00e4tte saama.<br \/>4. V\u00f5ite teha mitu broneeringut.<br \/>5. Broneeringu tegemisel ei pea te maksma, kuid palun pange t\u00e4hele, et makstud broneeringud t\u00f6\u00f6deldakse esmaj\u00e4rjekorras.<br \/>6. Kui m\u00f5ne taime kvaliteet ei ole rahuldav, on teil \u00f5igus valida m\u00f5ni muu taim v\u00f5i saada 14 p\u00e4eva jooksul raha tagasi oma m\u00e4\u00e4ratud pangakontole.<br \/>7. Lisaks oma tellimusele saate puukoolis kohapeal ohutult osta t\u00e4iendavaid taimi.<br \/>8. Niipea kui hakkame broneeringuid v\u00e4ljastama, saate meilt e-posti ja SMS-i teel s\u00f5numi.<\/li>\n<\/ol>\n<p><strong>Isikuandmete t\u00f6\u00f6tlemine:<\/strong><\/p>\n<p>1. Broneeringu tegemisel salvestame j\u00e4rgmised andmed (edaspidi \u201eisikuandmed\u201d):<br \/>1.1 Eesnimi ja perekonnanimi \u2013 teie tuvastamiseks kauba k\u00e4ttesaamisel.<br \/>1.2 E-posti aadress \u2013 kasutame teie e-posti aadressi, et teavitada teid broneeringu staatusest ja saata teile broneeringu \u00fcksikasjalikud andmed.<br \/>1.3 Telefoninumber \u2013 kasutame seda, et v\u00f5tta teiega \u00fchendust broneeringu k\u00e4igu kohta ning edastada muud olulist teavet seoses teie broneeringuga.<br \/>1.4 Aadress (valikuline) \u2013 juhul, kui on vaja teha kohaletoimetamine.<br \/>2. Kui k\u00fclastate meie veebisaiti, salvestame ka anon\u00fc\u00fcmse teabe teie tegevuste kohta saidil, mida kasutatakse turundus- ja m\u00fc\u00fcgiplaneerimise eesm\u00e4rgil.<br \/>3. Kui n\u00f5ustute uudiste saamisega, v\u00f5ime teile saata teavet aktuaalsete s\u00fcndmuste kohta. Uudiste saamisest v\u00f5ite igal ajal loobuda.<br \/>4. Kui te pole \u00fcle 2 aasta ostu sooritanud (v\u00f5i oma kasutajaprofiili kasutanud), kustutatakse teie isikuandmed meie s\u00fcsteemist. (V\u00f5ite ka igal ajal meiega \u00fchendust v\u00f5tta, et oma andmed kustutada).<\/p>\n<p>[\/et_pb_text][\/et_pb_column][\/et_pb_row][\/et_pb_section]<\/p>\n","protected":false},"excerpt":{"rendered":"<p>Ostu-\/m\u00fc\u00fcgitingimused: Broneeringud v\u00f5imaldavad meil tagada, et meil on kohapeal piisav taimede varu, ning aitavad teil aega s\u00e4\u00e4sta. Broneerimise h\u00f5lbustamiseks kutsume Teid \u00fcles looma kliendiprofiili! See s\u00e4\u00e4stab Teie aega tulevikus uute broneeringute tegemisel ja v\u00f5imaldab Teil h\u00f5lpsasti vaadata oma broneeringu \u00fcksikasju. Soovitud seemikute broneerimiseks:: Leia \u201ePood\u201d sektsioonis (v\u00f5i \u00fches kategooriatest) soovitud taim ja kl\u00f5psa sellel. Avaneb [&hellip;]<\/p>\n","protected":false},"author":1,"featured_media":0,"parent":0,"menu_order":0,"comment_status":"closed","ping_status":"closed","template":"","meta":{"_et_pb_use_builder":"on","_et_pb_old_content":"<strong>Rezerv\u0101cija ir veids, k\u0101 mums sar\u016bp\u0113t pietieko\u0161u st\u0101du daudzumu uz vietas, un Jums veids k\u0101 ietaup\u012bt savu laiku.<\/strong>\r\n<iframe src=\"https:\/\/www.youtube.com\/embed\/W0i60Lg6Qf4?rel=0\" width=\"560\" height=\"315\" frameborder=\"0\" allowfullscreen=\"allowfullscreen\"><\/iframe>\r\n\r\n\u0112rt\u0101kai rezerv\u0101cijai aicin\u0101m izveidot <strong>klienta profilu<\/strong>! Tas \u013caus Jums ietaup\u012bt laiku n\u0101kotn\u0113 - veicot jaunas rezerv\u0101cijas, k\u0101 ar\u012b viegli p\u0101rskat\u012bt rezerv\u0101cijas datus.\r\n\r\n<strong>Lai rezerv\u0113tu v\u0113lamos st\u0101dus:<\/strong>\r\n<ol>\r\n \t<li>Sada\u013c\u0101 \"<a href=\"https:\/\/kailsakni.dreilinustadi.lv\/veikals\/\">Veikals<\/a>\" (Vai k\u0101d\u0101 no kategorij\u0101m) atrodiet v\u0113lamo st\u0101du un klik\u0161\u0137iniet uz to. Atv\u0113rsies st\u0101da apraksts.<\/li>\r\n \t<li style=\"text-align: left;\">Ja v\u0113laties to rezerv\u0113t (ieg\u0101d\u0101ties) tad v\u0113lamo st\u0101du pievienojiet \"<strong>grozam<\/strong>\" klik\u0161\u0137inot uz pogas <strong>\"Ielikt rezerv\u0113\u0161anas groz\u0101\"<\/strong><\/li>\r\n \t<li>Jebkur\u0101 br\u012bd\u012b varat apskat\u012bt to ko esat izv\u0113l\u0113jies sada\u013c\u0101 \"<a href=\"https:\/\/kailsakni.dreilinustadi.lv\/grozs\/\">Grozs<\/a>\"<\/li>\r\n \t<li>Kad esat izv\u0113l\u0113jiet visu ko v\u0113laties varat klik\u0161\u0137in\u0101t sada\u013c\u0101 Grozs uz pogas \"<strong>Rezerv\u0113t<\/strong>\" un non\u0101ksiet sada\u013c\u0101 \"<a href=\"https:\/\/kailsakni.dreilinustadi.lv\/pirkuma-veiksana\/\">Noform\u0113t rezerv\u0101ciju<\/a>\"<\/li>\r\n \t<li>Attiec\u012bgi aizpildiet rezerv\u0101cijas datus ( kontaktinform\u0101ciju) un spiediet uz pogas \"<strong>Apstiprin\u0101t rezerv\u0101ciju<\/strong>\"\r\n<ol>\r\n \t<li>Ja v\u0113laties pievienot v\u0113l citu papildus inform\u0101ciju par rezerv\u0101ciju (Piem\u0113ram st\u0101du sa\u0146em\u0161anas vietu vai laiku) to ar\u012b varat pievienot blok\u0101 <strong>Papildus inform\u0101cija<\/strong> - lauci\u0146\u0101 <strong>\"Rezerv\u0101cijas piez\u012bmes<\/strong>\"<\/li>\r\n<\/ol>\r\n<\/li>\r\n \t<li>J\u016bs sa\u0146emsiet rezerv\u0101cijas apstiprin\u0101jumu e-past\u0101 un apstiprin\u0101juma SMS, ja gad\u012bjum\u0101 neesat sa\u0146\u0113mu\u0161i e-pastu vai SMS, l\u016bdzu sazinieties ar mums!<\/li>\r\n \t<li>Tikl\u012bdz st\u0101di b\u016bs atg\u0101d\u0101ti no st\u0101daudz\u0113tavas uz m\u016bsu d\u0101rza centru \"Dreili\u0146u st\u0101di\" -&gt; m\u0113s ar Jums sazin\u0101simies un vienosimies par to sa\u0146em\u0161anas laiku.<\/li>\r\n \t<li>Ierodoties pie mums J\u016bs nosauksiet <strong>rezerv\u0101cijas numuru<\/strong> un veiksiet samaksu par izv\u0113l\u0113tajiem st\u0101diem. Inform\u0113jam, ka \u0161aj\u0101 posm\u0101 varat ar\u012b papildin\u0101t vai main\u012bt eso\u0161o rezerv\u0101ciju. Tom\u0113r aicin\u0101m neizmantot \u0161o iesp\u0113ju \u013caunpr\u0101t\u012bgi un rezerv\u0113t preces kuras tie\u0161\u0101m pl\u0101nojat \u0146emt.<\/li>\r\n \t<li>\u0160obr\u012bd veicot rezerv\u0101ciju netiek pras\u012bta priek\u0161apmaksa!<\/li>\r\n \t<li>Ja izv\u0113l\u0113sieties pieg\u0101di, st\u0101di tiek izs\u016bt\u012bti tikai p\u0113c r\u0113\u0137ina samaks\u0101\u0161anas.<\/li>\r\n<\/ol>\r\n<p style=\"text-align: left;\"><strong>Jaunums: Varat ietaup\u012bt laiku, k\u0101 ari ieg\u016bt papildus 10% atlaidi, ja veiksiet maks\u0101jumu par st\u0101diem rezerv\u0101cijas laik\u0101.\u00a0<\/strong><\/p>\r\nAtst\u0101t\u0101 kontaktinform\u0101cija tiks izmantota tikai, lai ar Jums sazin\u0101tos rezerv\u0101cijas izpildei.\r\n\r\nJa rezerv\u0101cijas (re\u0123istr\u0101cijas) laik\u0101 b\u016bsiet atz\u012bm\u0113jis, ka piekr\u012btat jaunumu sa\u0146em\u0161anai m\u0113s Jums nos\u016bt\u012bsim ar\u012b Dreili\u0146u st\u0101du jaunumus.\r\n\r\n<strong>Noder\u012bga inform\u0101cija, ja veicat rezerv\u0101ciju.<\/strong>\r\n\r\n1. Veicot rezerv\u0101ciju J\u016bs piekr\u012btat zem\u0101k min\u0113tajiem rezerv\u0101cijas noteikumiem un gaitai, k\u0101 ar\u012b m\u016bsu personas datu apstr\u0101d\u0101\u0161anas politikai.\r\n2. Kailsak\u0146u tridzniec\u012bba s\u0101ksies pavasar\u012b\/ruden\u012b, par to inform\u0113sim atsevi\u0161\u0137i - \u0161obr\u012bd notiek to rezerv\u0101cija.\r\n3. Rezerv\u0113jot st\u0101dus, J\u016bs ap\u0146ematies tos iz\u0146emt 2 ned\u0113\u013cu laik\u0101 no inform\u0101cijas sa\u0146em\u0161anas par to, ka st\u0101di ir uz vietas. Atsevi\u0161\u0137os gad\u012bjumos m\u0113s varam vienoties ar\u012b par ilg\u0101ku laiku, l\u016bdzu, par to inform\u0113jiet.\r\n4. J\u016bs varat veikt vair\u0101kas rezerv\u0101cijas, k\u0101 ar\u012b da\u013c\u0113ji iz\u0146emt rezerv\u0113tos st\u0101dus, ja k\u0101ds no st\u0101diem nav uz vietas.\r\n5. Veicot rezerv\u0101ciju Jums nav oblig\u0101ti j\u0101veic maks\u0101jums, k\u0101 ar\u012b rezerv\u0101cija neuzliek par pien\u0101kumu st\u0101dus ieg\u0101d\u0101ties(iz\u0146emot ja esat jau veiku\u0161i maks\u0101jumu), tom\u0113r, l\u016bdzu rezerv\u0113jiet to ko tie\u0161\u0101m v\u0113laties.\r\n6. Ja esat veiku\u0161i rezerv\u0101ciju to iz\u0146em\u0161anas br\u012bd\u012b dro\u0161i varat izv\u0113l\u0113ties papildus st\u0101dus, kas ir uz vietas.\r\n7, Tikl\u012bdz st\u0101di ir uz vietas m\u0113s Jums nos\u016btam sms zi\u0146u un e-pastu par to, ka varat ierasties p\u0113c J\u016bsu izv\u0113l\u0113tiem st\u0101diem.\r\n\r\n<strong>\u0160eit nedaudz info par personas datiem.<\/strong>\r\n\r\n1. Veicot rezerv\u0101ciju m\u0113s saglab\u0101jam sekojo\u0161u inform\u0101ciju(Turpm\u0101k - personas dati):\r\n1.1 V\u0101rds Uzv\u0101rds - lai var\u0113tu identific\u0113t J\u016bs pie pre\u010du iz\u0146em\u0161anas\r\n1.2. E-pasts - ar e-pasta pal\u012bdz\u012bbu inform\u0113jam par rezerv\u0101cijas gaitu, k\u0101 ar\u012b J\u016bs sa\u0146emat detaliz\u0113tu rezerv\u0101cijas inform\u0101ciju.\r\n1.3 Telefona nr. - telefona nr. izmantojam, lai sazin\u0101tos ar Jums par rezerv\u0101cijas norisi(gaitu), k\u0101 ar\u012b inform\u0113tu par citu svar\u012bgu inform\u0101ciju saist\u012bb\u0101 ar J\u016bsu rezerv\u0101ciju.\r\n1.4 pils\u0113ta (p\u0113c izv\u0113les) - apkopojam statistiskos nol\u016bkos, lai redz\u0113tu re\u0123ionus no k\u0101diem tiek veiktas rezerv\u0101cijas. (N\u0101kotn\u0113 pieg\u0101\u017eu nodro\u0161in\u0101\u0161anai)\r\n1.5 Uz\u0146\u0113muma nosaukums (p\u0113c izv\u0113les) - ja nepiecie\u0161ams r\u0113\u0137ins uz\u0146\u0113mumam.\r\n2. Apmekl\u0113jot m\u016bsu m\u0101jaslapu, m\u0113s saglab\u0101jam ar\u012b anon\u012bmu inform\u0101ciju par J\u016bsu darb\u012bb\u0101m lap\u0101, kas tiek izmantota m\u0101rketinga un p\u0101rdo\u0161anas pl\u0101no\u0161anas vajadz\u012bb\u0101m.\r\n3. Ja piekr\u012btat sa\u0146emt e-pasta jaunumus uz J\u016bsu nor\u0101d\u012bto e-pastu vai telefona nr. m\u0113s varam nos\u016bt\u012bt Jums inform\u0101ciju par aktualit\u0101t\u0113m. Jebkur\u0101 br\u012bdi J\u016bs varat atteikties no jaunumu sa\u0146em\u0161anas.\r\n4. Ja neesat veicis pirkumu vair\u0101k k\u0101 2 gadus (vai izmantojis lietot\u0101ja profilu) J\u016bsu personas dati tiek dz\u0113sti no m\u016bsu sist\u0113mas. (Jebkur\u0101 br\u012bdi J\u016bs varat ar\u012b sazin\u0101ties ar mums, lai J\u016bsu dati tiktu dz\u0113sti)","_et_gb_content_width":"","jetpack_post_was_ever_published":false,"footnotes":""},"class_list":["post-5856","page","type-page","status-publish","hentry"],"yoast_head":"<!-- This site is optimized with the Yoast SEO plugin v26.7 - https:\/\/yoast.com\/wordpress\/plugins\/seo\/ -->\n<title>Kailsak\u0146u rezerv\u0101cijas apraksts un noteikumi.<\/title>\n<meta name=\"robots\" content=\"index, follow, max-snippet:-1, max-image-preview:large, max-video-preview:-1\" \/>\n<link rel=\"canonical\" href=\"https:\/\/kailsakni.dreilinustadi.lv\/et\/paljasjuurte-broneerimise-protsessi-kirjeldus-ja-reeglid\/\" \/>\n<meta property=\"og:locale\" content=\"et_EE\" \/>\n<meta property=\"og:type\" content=\"article\" \/>\n<meta property=\"og:title\" content=\"Kailsak\u0146u rezerv\u0101cijas apraksts un noteikumi.\" \/>\n<meta property=\"og:description\" content=\"Ostu-\/m\u00fc\u00fcgitingimused: Broneeringud v\u00f5imaldavad meil tagada, et meil on kohapeal piisav taimede varu, ning aitavad teil aega s\u00e4\u00e4sta. Broneerimise h\u00f5lbustamiseks kutsume Teid \u00fcles looma kliendiprofiili! See s\u00e4\u00e4stab Teie aega tulevikus uute broneeringute tegemisel ja v\u00f5imaldab Teil h\u00f5lpsasti vaadata oma broneeringu \u00fcksikasju. Soovitud seemikute broneerimiseks:: Leia \u201ePood\u201d sektsioonis (v\u00f5i \u00fches kategooriatest) soovitud taim ja kl\u00f5psa sellel. Avaneb [&hellip;]\" \/>\n<meta property=\"og:url\" content=\"https:\/\/kailsakni.dreilinustadi.lv\/et\/paljasjuurte-broneerimise-protsessi-kirjeldus-ja-reeglid\/\" \/>\n<meta property=\"og:site_name\" content=\"Kailsak\u0146u st\u0101di - Dreili\u0146u st\u0101di\" \/>\n<meta property=\"article:publisher\" content=\"https:\/\/www.facebook.com\/dreilinustadi\/\" \/>\n<meta property=\"article:modified_time\" content=\"2025-10-07T22:47:43+00:00\" \/>\n<meta name=\"twitter:card\" content=\"summary_large_image\" \/>\n<meta name=\"twitter:label1\" content=\"Est. reading time\" \/>\n\t<meta name=\"twitter:data1\" content=\"3 minutit\" \/>\n<script type=\"application\/ld+json\" class=\"yoast-schema-graph\">{\"@context\":\"https:\/\/schema.org\",\"@graph\":[{\"@type\":\"WebPage\",\"@id\":\"https:\/\/kailsakni.dreilinustadi.lv\/et\/paljasjuurte-broneerimise-protsessi-kirjeldus-ja-reeglid\/\",\"url\":\"https:\/\/kailsakni.dreilinustadi.lv\/et\/paljasjuurte-broneerimise-protsessi-kirjeldus-ja-reeglid\/\",\"name\":\"Kailsak\u0146u rezerv\u0101cijas apraksts un noteikumi.\",\"isPartOf\":{\"@id\":\"https:\/\/kailsakni.dreilinustadi.lv\/#website\"},\"datePublished\":\"2018-08-02T14:55:55+00:00\",\"dateModified\":\"2025-10-07T22:47:43+00:00\",\"breadcrumb\":{\"@id\":\"https:\/\/kailsakni.dreilinustadi.lv\/et\/paljasjuurte-broneerimise-protsessi-kirjeldus-ja-reeglid\/#breadcrumb\"},\"inLanguage\":\"et\",\"potentialAction\":[{\"@type\":\"ReadAction\",\"target\":[\"https:\/\/kailsakni.dreilinustadi.lv\/et\/paljasjuurte-broneerimise-protsessi-kirjeldus-ja-reeglid\/\"]}]},{\"@type\":\"BreadcrumbList\",\"@id\":\"https:\/\/kailsakni.dreilinustadi.lv\/et\/paljasjuurte-broneerimise-protsessi-kirjeldus-ja-reeglid\/#breadcrumb\",\"itemListElement\":[{\"@type\":\"ListItem\",\"position\":1,\"name\":\"Home\",\"item\":\"https:\/\/kailsakni.dreilinustadi.lv\/et\/\"},{\"@type\":\"ListItem\",\"position\":2,\"name\":\"Paljasjuurte broneerimise protsessi kirjeldus ja reeglid.\"}]},{\"@type\":\"WebSite\",\"@id\":\"https:\/\/kailsakni.dreilinustadi.lv\/#website\",\"url\":\"https:\/\/kailsakni.dreilinustadi.lv\/\",\"name\":\"Kailsak\u0146u st\u0101di - Dreili\u0146u st\u0101di\",\"description\":\"Izv\u0113lies savus kailsak\u0146u st\u0101dus\",\"potentialAction\":[{\"@type\":\"SearchAction\",\"target\":{\"@type\":\"EntryPoint\",\"urlTemplate\":\"https:\/\/kailsakni.dreilinustadi.lv\/?s={search_term_string}\"},\"query-input\":{\"@type\":\"PropertyValueSpecification\",\"valueRequired\":true,\"valueName\":\"search_term_string\"}}],\"inLanguage\":\"et\"}]}<\/script>\n<!-- \/ Yoast SEO plugin. -->","yoast_head_json":{"title":"Kailsak\u0146u rezerv\u0101cijas apraksts un noteikumi.","robots":{"index":"index","follow":"follow","max-snippet":"max-snippet:-1","max-image-preview":"max-image-preview:large","max-video-preview":"max-video-preview:-1"},"canonical":"https:\/\/kailsakni.dreilinustadi.lv\/et\/paljasjuurte-broneerimise-protsessi-kirjeldus-ja-reeglid\/","og_locale":"et_EE","og_type":"article","og_title":"Kailsak\u0146u rezerv\u0101cijas apraksts un noteikumi.","og_description":"Ostu-\/m\u00fc\u00fcgitingimused: Broneeringud v\u00f5imaldavad meil tagada, et meil on kohapeal piisav taimede varu, ning aitavad teil aega s\u00e4\u00e4sta. Broneerimise h\u00f5lbustamiseks kutsume Teid \u00fcles looma kliendiprofiili! See s\u00e4\u00e4stab Teie aega tulevikus uute broneeringute tegemisel ja v\u00f5imaldab Teil h\u00f5lpsasti vaadata oma broneeringu \u00fcksikasju. Soovitud seemikute broneerimiseks:: Leia \u201ePood\u201d sektsioonis (v\u00f5i \u00fches kategooriatest) soovitud taim ja kl\u00f5psa sellel. Avaneb [&hellip;]","og_url":"https:\/\/kailsakni.dreilinustadi.lv\/et\/paljasjuurte-broneerimise-protsessi-kirjeldus-ja-reeglid\/","og_site_name":"Kailsak\u0146u st\u0101di - Dreili\u0146u st\u0101di","article_publisher":"https:\/\/www.facebook.com\/dreilinustadi\/","article_modified_time":"2025-10-07T22:47:43+00:00","twitter_card":"summary_large_image","twitter_misc":{"Est. reading time":"3 minutit"},"schema":{"@context":"https:\/\/schema.org","@graph":[{"@type":"WebPage","@id":"https:\/\/kailsakni.dreilinustadi.lv\/et\/paljasjuurte-broneerimise-protsessi-kirjeldus-ja-reeglid\/","url":"https:\/\/kailsakni.dreilinustadi.lv\/et\/paljasjuurte-broneerimise-protsessi-kirjeldus-ja-reeglid\/","name":"Kailsak\u0146u rezerv\u0101cijas apraksts un noteikumi.","isPartOf":{"@id":"https:\/\/kailsakni.dreilinustadi.lv\/#website"},"datePublished":"2018-08-02T14:55:55+00:00","dateModified":"2025-10-07T22:47:43+00:00","breadcrumb":{"@id":"https:\/\/kailsakni.dreilinustadi.lv\/et\/paljasjuurte-broneerimise-protsessi-kirjeldus-ja-reeglid\/#breadcrumb"},"inLanguage":"et","potentialAction":[{"@type":"ReadAction","target":["https:\/\/kailsakni.dreilinustadi.lv\/et\/paljasjuurte-broneerimise-protsessi-kirjeldus-ja-reeglid\/"]}]},{"@type":"BreadcrumbList","@id":"https:\/\/kailsakni.dreilinustadi.lv\/et\/paljasjuurte-broneerimise-protsessi-kirjeldus-ja-reeglid\/#breadcrumb","itemListElement":[{"@type":"ListItem","position":1,"name":"Home","item":"https:\/\/kailsakni.dreilinustadi.lv\/et\/"},{"@type":"ListItem","position":2,"name":"Paljasjuurte broneerimise protsessi kirjeldus ja reeglid."}]},{"@type":"WebSite","@id":"https:\/\/kailsakni.dreilinustadi.lv\/#website","url":"https:\/\/kailsakni.dreilinustadi.lv\/","name":"Kailsak\u0146u st\u0101di - Dreili\u0146u st\u0101di","description":"Izv\u0113lies savus kailsak\u0146u st\u0101dus","potentialAction":[{"@type":"SearchAction","target":{"@type":"EntryPoint","urlTemplate":"https:\/\/kailsakni.dreilinustadi.lv\/?s={search_term_string}"},"query-input":{"@type":"PropertyValueSpecification","valueRequired":true,"valueName":"search_term_string"}}],"inLanguage":"et"}]}},"jetpack_sharing_enabled":true,"jetpack_shortlink":"https:\/\/wp.me\/Pa8Pny-1ws","_links":{"self":[{"href":"https:\/\/kailsakni.dreilinustadi.lv\/et\/wp-json\/wp\/v2\/pages\/5856","targetHints":{"allow":["GET"]}}],"collection":[{"href":"https:\/\/kailsakni.dreilinustadi.lv\/et\/wp-json\/wp\/v2\/pages"}],"about":[{"href":"https:\/\/kailsakni.dreilinustadi.lv\/et\/wp-json\/wp\/v2\/types\/page"}],"author":[{"embeddable":true,"href":"https:\/\/kailsakni.dreilinustadi.lv\/et\/wp-json\/wp\/v2\/users\/1"}],"replies":[{"embeddable":true,"href":"https:\/\/kailsakni.dreilinustadi.lv\/et\/wp-json\/wp\/v2\/comments?post=5856"}],"version-history":[{"count":4,"href":"https:\/\/kailsakni.dreilinustadi.lv\/et\/wp-json\/wp\/v2\/pages\/5856\/revisions"}],"predecessor-version":[{"id":5861,"href":"https:\/\/kailsakni.dreilinustadi.lv\/et\/wp-json\/wp\/v2\/pages\/5856\/revisions\/5861"}],"wp:attachment":[{"href":"https:\/\/kailsakni.dreilinustadi.lv\/et\/wp-json\/wp\/v2\/media?parent=5856"}],"curies":[{"name":"wp","href":"https:\/\/api.w.org\/{rel}","templated":true}]}}