{"id":5849,"date":"2018-08-02T18:34:42","date_gmt":"2018-08-02T15:34:42","guid":{"rendered":"https:\/\/kailsakni.dreilinustadi.lv\/kontakti\/"},"modified":"2025-10-08T02:21:35","modified_gmt":"2025-10-07T23:21:35","slug":"kontakt","status":"publish","type":"page","link":"https:\/\/kailsakni.dreilinustadi.lv\/et\/kontakt\/","title":{"rendered":"Kontakt"},"content":{"rendered":"<p>[et_pb_section fb_built=&#8221;1&#8243; fullwidth=&#8221;on&#8221; admin_label=&#8221;section&#8221; _builder_version=&#8221;4.16&#8243; global_colors_info=&#8221;{}&#8221;][et_pb_fullwidth_map google_api_key=&#8221;AIzaSyDns9xgYmEmu-ZrIBRXjJKnEmYKTkAm1Hg&#8221; address=&#8221;Augusta Deglava iela 170, Latgales priek\u0161pils\u0113ta, R\u012bga, LV-1021, Latvija&#8221; zoom_level=&#8221;14&#8243; address_lat=&#8221;56.944247094626235&#8243; address_lng=&#8221;24.233092538484236&#8243; _builder_version=&#8221;4.16&#8243; global_colors_info=&#8221;{}&#8221;][et_pb_map_pin title=&#8221;Headquarters&#8221; pin_address=&#8221;Augusta Deglava iela 180, Latgales priek\u0161pils\u0113ta, R\u012bga, LV-1021, Latvija&#8221; pin_address_lat=&#8221;56.94156673841409&#8243; pin_address_lng=&#8221;24.23369871772161&#8243; _builder_version=&#8221;4.14.6&#8243; global_colors_info=&#8221;{}&#8221;][\/et_pb_map_pin][\/et_pb_fullwidth_map][\/et_pb_section][et_pb_section fb_built=&#8221;1&#8243; admin_label=&#8221;section&#8221; _builder_version=&#8221;4.16&#8243; global_colors_info=&#8221;{}&#8221;][et_pb_row column_structure=&#8221;2_3,1_3&#8243; admin_label=&#8221;row&#8221; _builder_version=&#8221;4.16&#8243; background_size=&#8221;initial&#8221; background_position=&#8221;top_left&#8221; background_repeat=&#8221;repeat&#8221; global_colors_info=&#8221;{}&#8221;][et_pb_column type=&#8221;2_3&#8243; _builder_version=&#8221;4.16&#8243; custom_padding=&#8221;|||&#8221; global_colors_info=&#8221;{}&#8221; custom_padding__hover=&#8221;|||&#8221;][et_pb_image src=&#8221;https:\/\/kailsakni.dreilinustadi.lv\/wp-content\/uploads\/2018\/07\/96886c94-239d-4f70-a25c-9521d708bbc9.jpg&#8221; align_tablet=&#8221;center&#8221; align_phone=&#8221;&#8221; align_last_edited=&#8221;on|desktop&#8221; _builder_version=&#8221;4.16&#8243; animation_style=&#8221;slide&#8221; animation_direction=&#8221;left&#8221; animation_duration=&#8221;500ms&#8221; animation_intensity_slide=&#8221;10%&#8221; animation=&#8221;left&#8221; sticky=&#8221;off&#8221; use_border_color=&#8221;off&#8221; border_color=&#8221;#ffffff&#8221; border_style=&#8221;solid&#8221; global_colors_info=&#8221;{}&#8221;][\/et_pb_image][\/et_pb_column][et_pb_column type=&#8221;1_3&#8243; _builder_version=&#8221;4.16&#8243; custom_padding=&#8221;|||&#8221; global_colors_info=&#8221;{}&#8221; custom_padding__hover=&#8221;|||&#8221;][et_pb_text _builder_version=&#8221;4.16&#8243; background_size=&#8221;initial&#8221; background_position=&#8221;top_left&#8221; background_repeat=&#8221;repeat&#8221; use_border_color=&#8221;off&#8221; global_colors_info=&#8221;{}&#8221;]<\/p>\n<h3>Dreili\u0146u\u00a0st\u0101di<\/h3>\n<p><span>Dreili\u0146u st\u0101di, SIA<\/span><\/p>\n<p>Reg. nr 40203396201<br \/>Juriidiline aadress: Augusta Deglava t\u00e4nav 13, Riia, L\u00e4ti, LV-1009<br \/>Tegelik aadress: Augusta Deglava t\u00e4nav 170 (Afeldu 2), Riia, L\u00e4ti, LV 1021<\/p>\n<p>Leia meid: Waze:<span style=\"font-size: 14px;\">\u00a0<\/span><a href=\"\/\/?q=Dreili\u0146u st\u0101di\" style=\"font-size: 14px;\">Ava Waze<\/a><\/p>\n<p>&nbsp;<\/p>\n<p><strong>Kontakt:<\/strong><br \/>+371 2 25110011<br \/>undine@dreilinustadi.lv<\/p>\n<p>[\/et_pb_text][\/et_pb_column][\/et_pb_row][\/et_pb_section]<\/p>\n","protected":false},"excerpt":{"rendered":"<p>Dreili\u0146u\u00a0st\u0101di Dreili\u0146u st\u0101di, SIA Reg. nr 40203396201Juriidiline aadress: Augusta Deglava t\u00e4nav 13, Riia, L\u00e4ti, LV-1009Tegelik aadress: Augusta Deglava t\u00e4nav 170 (Afeldu 2), Riia, L\u00e4ti, LV 1021 Leia meid: Waze:\u00a0Ava Waze &nbsp; Kontakt:+371 2 25110011undine@dreilinustadi.lv<\/p>\n","protected":false},"author":1,"featured_media":0,"parent":0,"menu_order":0,"comment_status":"closed","ping_status":"closed","template":"","meta":{"_et_pb_use_builder":"on","_et_pb_old_content":"","_et_gb_content_width":"","jetpack_post_was_ever_published":false,"footnotes":""},"class_list":["post-5849","page","type-page","status-publish","hentry"],"yoast_head":"<!-- This site is optimized with the Yoast SEO plugin v26.7 - https:\/\/yoast.com\/wordpress\/plugins\/seo\/ -->\n<title>Kontakti<\/title>\n<meta name=\"robots\" content=\"index, follow, max-snippet:-1, max-image-preview:large, max-video-preview:-1\" \/>\n<link rel=\"canonical\" href=\"https:\/\/kailsakni.dreilinustadi.lv\/et\/kontakt\/\" \/>\n<meta property=\"og:locale\" content=\"et_EE\" \/>\n<meta property=\"og:type\" content=\"article\" \/>\n<meta property=\"og:title\" content=\"Kontakti\" \/>\n<meta property=\"og:description\" content=\"Dreili\u0146u\u00a0st\u0101di Dreili\u0146u st\u0101di, SIA Reg. nr 40203396201Juriidiline aadress: Augusta Deglava t\u00e4nav 13, Riia, L\u00e4ti, LV-1009Tegelik aadress: Augusta Deglava t\u00e4nav 170 (Afeldu 2), Riia, L\u00e4ti, LV 1021 Leia meid: Waze:\u00a0Ava Waze &nbsp; Kontakt:+371 2 25110011undine@dreilinustadi.lv\" \/>\n<meta property=\"og:url\" content=\"https:\/\/kailsakni.dreilinustadi.lv\/et\/kontakt\/\" \/>\n<meta property=\"og:site_name\" content=\"Kailsak\u0146u st\u0101di - Dreili\u0146u st\u0101di\" \/>\n<meta property=\"article:publisher\" content=\"https:\/\/www.facebook.com\/dreilinustadi\/\" \/>\n<meta property=\"article:modified_time\" content=\"2025-10-07T23:21:35+00:00\" \/>\n<meta name=\"twitter:card\" content=\"summary_large_image\" \/>\n<meta name=\"twitter:label1\" content=\"Est. reading time\" \/>\n\t<meta name=\"twitter:data1\" content=\"1 minut\" \/>\n<script type=\"application\/ld+json\" class=\"yoast-schema-graph\">{\"@context\":\"https:\/\/schema.org\",\"@graph\":[{\"@type\":\"WebPage\",\"@id\":\"https:\/\/kailsakni.dreilinustadi.lv\/et\/kontakt\/\",\"url\":\"https:\/\/kailsakni.dreilinustadi.lv\/et\/kontakt\/\",\"name\":\"Kontakti\",\"isPartOf\":{\"@id\":\"https:\/\/kailsakni.dreilinustadi.lv\/#website\"},\"datePublished\":\"2018-08-02T15:34:42+00:00\",\"dateModified\":\"2025-10-07T23:21:35+00:00\",\"breadcrumb\":{\"@id\":\"https:\/\/kailsakni.dreilinustadi.lv\/et\/kontakt\/#breadcrumb\"},\"inLanguage\":\"et\",\"potentialAction\":[{\"@type\":\"ReadAction\",\"target\":[\"https:\/\/kailsakni.dreilinustadi.lv\/et\/kontakt\/\"]}]},{\"@type\":\"BreadcrumbList\",\"@id\":\"https:\/\/kailsakni.dreilinustadi.lv\/et\/kontakt\/#breadcrumb\",\"itemListElement\":[{\"@type\":\"ListItem\",\"position\":1,\"name\":\"Home\",\"item\":\"https:\/\/kailsakni.dreilinustadi.lv\/et\/\"},{\"@type\":\"ListItem\",\"position\":2,\"name\":\"Kontakt\"}]},{\"@type\":\"WebSite\",\"@id\":\"https:\/\/kailsakni.dreilinustadi.lv\/#website\",\"url\":\"https:\/\/kailsakni.dreilinustadi.lv\/\",\"name\":\"Kailsak\u0146u st\u0101di - Dreili\u0146u st\u0101di\",\"description\":\"Izv\u0113lies savus kailsak\u0146u st\u0101dus\",\"potentialAction\":[{\"@type\":\"SearchAction\",\"target\":{\"@type\":\"EntryPoint\",\"urlTemplate\":\"https:\/\/kailsakni.dreilinustadi.lv\/?s={search_term_string}\"},\"query-input\":{\"@type\":\"PropertyValueSpecification\",\"valueRequired\":true,\"valueName\":\"search_term_string\"}}],\"inLanguage\":\"et\"}]}<\/script>\n<!-- \/ Yoast SEO plugin. -->","yoast_head_json":{"title":"Kontakti","robots":{"index":"index","follow":"follow","max-snippet":"max-snippet:-1","max-image-preview":"max-image-preview:large","max-video-preview":"max-video-preview:-1"},"canonical":"https:\/\/kailsakni.dreilinustadi.lv\/et\/kontakt\/","og_locale":"et_EE","og_type":"article","og_title":"Kontakti","og_description":"Dreili\u0146u\u00a0st\u0101di Dreili\u0146u st\u0101di, SIA Reg. nr 40203396201Juriidiline aadress: Augusta Deglava t\u00e4nav 13, Riia, L\u00e4ti, LV-1009Tegelik aadress: Augusta Deglava t\u00e4nav 170 (Afeldu 2), Riia, L\u00e4ti, LV 1021 Leia meid: Waze:\u00a0Ava Waze &nbsp; Kontakt:+371 2 25110011undine@dreilinustadi.lv","og_url":"https:\/\/kailsakni.dreilinustadi.lv\/et\/kontakt\/","og_site_name":"Kailsak\u0146u st\u0101di - Dreili\u0146u st\u0101di","article_publisher":"https:\/\/www.facebook.com\/dreilinustadi\/","article_modified_time":"2025-10-07T23:21:35+00:00","twitter_card":"summary_large_image","twitter_misc":{"Est. reading time":"1 minut"},"schema":{"@context":"https:\/\/schema.org","@graph":[{"@type":"WebPage","@id":"https:\/\/kailsakni.dreilinustadi.lv\/et\/kontakt\/","url":"https:\/\/kailsakni.dreilinustadi.lv\/et\/kontakt\/","name":"Kontakti","isPartOf":{"@id":"https:\/\/kailsakni.dreilinustadi.lv\/#website"},"datePublished":"2018-08-02T15:34:42+00:00","dateModified":"2025-10-07T23:21:35+00:00","breadcrumb":{"@id":"https:\/\/kailsakni.dreilinustadi.lv\/et\/kontakt\/#breadcrumb"},"inLanguage":"et","potentialAction":[{"@type":"ReadAction","target":["https:\/\/kailsakni.dreilinustadi.lv\/et\/kontakt\/"]}]},{"@type":"BreadcrumbList","@id":"https:\/\/kailsakni.dreilinustadi.lv\/et\/kontakt\/#breadcrumb","itemListElement":[{"@type":"ListItem","position":1,"name":"Home","item":"https:\/\/kailsakni.dreilinustadi.lv\/et\/"},{"@type":"ListItem","position":2,"name":"Kontakt"}]},{"@type":"WebSite","@id":"https:\/\/kailsakni.dreilinustadi.lv\/#website","url":"https:\/\/kailsakni.dreilinustadi.lv\/","name":"Kailsak\u0146u st\u0101di - Dreili\u0146u st\u0101di","description":"Izv\u0113lies savus kailsak\u0146u st\u0101dus","potentialAction":[{"@type":"SearchAction","target":{"@type":"EntryPoint","urlTemplate":"https:\/\/kailsakni.dreilinustadi.lv\/?s={search_term_string}"},"query-input":{"@type":"PropertyValueSpecification","valueRequired":true,"valueName":"search_term_string"}}],"inLanguage":"et"}]}},"jetpack_sharing_enabled":true,"jetpack_shortlink":"https:\/\/wp.me\/Pa8Pny-1wl","_links":{"self":[{"href":"https:\/\/kailsakni.dreilinustadi.lv\/et\/wp-json\/wp\/v2\/pages\/5849","targetHints":{"allow":["GET"]}}],"collection":[{"href":"https:\/\/kailsakni.dreilinustadi.lv\/et\/wp-json\/wp\/v2\/pages"}],"about":[{"href":"https:\/\/kailsakni.dreilinustadi.lv\/et\/wp-json\/wp\/v2\/types\/page"}],"author":[{"embeddable":true,"href":"https:\/\/kailsakni.dreilinustadi.lv\/et\/wp-json\/wp\/v2\/users\/1"}],"replies":[{"embeddable":true,"href":"https:\/\/kailsakni.dreilinustadi.lv\/et\/wp-json\/wp\/v2\/comments?post=5849"}],"version-history":[{"count":8,"href":"https:\/\/kailsakni.dreilinustadi.lv\/et\/wp-json\/wp\/v2\/pages\/5849\/revisions"}],"predecessor-version":[{"id":5886,"href":"https:\/\/kailsakni.dreilinustadi.lv\/et\/wp-json\/wp\/v2\/pages\/5849\/revisions\/5886"}],"wp:attachment":[{"href":"https:\/\/kailsakni.dreilinustadi.lv\/et\/wp-json\/wp\/v2\/media?parent=5849"}],"curies":[{"name":"wp","href":"https:\/\/api.w.org\/{rel}","templated":true}]}}